{"id":12159,"date":"2025-12-16T18:17:38","date_gmt":"2025-12-16T16:17:38","guid":{"rendered":"https:\/\/ursus.ee\/toode\/digitaalne-personaalkaal-style-sense-comfort-coral-2\/"},"modified":"2026-03-27T16:27:22","modified_gmt":"2026-03-27T14:27:22","slug":"digitaalne-personaalkaal-style-sense-comfort-coral-2","status":"publish","type":"product","link":"https:\/\/ursus.ee\/en\/toode\/digitaalne-personaalkaal-style-sense-comfort-coral-2\/","title":{"rendered":"Digitaalne personaalkaal Style Sense Comfort Coral"},"content":{"rendered":"<p>K\u00f5rge kvaliteediga personaalkaal. Eriti suure XL displeiga 4,4cm numbrite lugemiseks. 4 k\u00f5rge tundlikkusega sensorit. Mitte libisevad jalad. K\u00f5rgeima kvaliteediga eksklusiivse disainiga turvaklaas, millel on peal libisemisvastane struktuurne muster. Madala disainiga. Maksimaalne kaalupiirang 180kg 100g t\u00e4psusega. Automaatne v\u00e4ljal\u00fclitus. Sisaldab juba 1 patareid CR2430.<\/p>\n","protected":false},"excerpt":{"rendered":"<p>K\u00f5rge kvaliteediga personaalkaal. Eriti suure XL displeiga 4,4cm numbrite lugemiseks. 4 k\u00f5rge tundlikkusega sensorit. Mitte libisevad jalad. K\u00f5rgeima kvaliteediga eksklusiivse disainiga turvaklaas, millel on peal libisemisvastane struktuurne muster. Madala disainiga. Maksimaalne kaalupiirang 180kg 100g t\u00e4psusega. Automaatne v\u00e4ljal\u00fclitus. Sisaldab juba 1 patareid CR2430.<\/p>\n","protected":false},"featured_media":12160,"comment_status":"closed","ping_status":"closed","template":"","meta":{"_acf_changed":false},"product_brand":[467],"product_cat":[244,518],"product_tag":[],"class_list":{"0":"post-12159","1":"product","2":"type-product","3":"status-publish","4":"has-post-thumbnail","6":"product_brand-soehnle","7":"product_cat-kehahooldus","8":"product_cat-tervisetooted","9":"pa_kogus-1-tk","10":"pa_paritolumaa-saksamaa","11":"pa_uhik-tk","13":"first","14":"instock","15":"purchasable","16":"product-type-simple"},"acf":[],"_links":{"self":[{"href":"https:\/\/ursus.ee\/en\/wp-json\/wp\/v2\/product\/12159","targetHints":{"allow":["GET"]}}],"collection":[{"href":"https:\/\/ursus.ee\/en\/wp-json\/wp\/v2\/product"}],"about":[{"href":"https:\/\/ursus.ee\/en\/wp-json\/wp\/v2\/types\/product"}],"replies":[{"embeddable":true,"href":"https:\/\/ursus.ee\/en\/wp-json\/wp\/v2\/comments?post=12159"}],"wp:featuredmedia":[{"embeddable":true,"href":"https:\/\/ursus.ee\/en\/wp-json\/wp\/v2\/media\/12160"}],"wp:attachment":[{"href":"https:\/\/ursus.ee\/en\/wp-json\/wp\/v2\/media?parent=12159"}],"wp:term":[{"taxonomy":"product_brand","embeddable":true,"href":"https:\/\/ursus.ee\/en\/wp-json\/wp\/v2\/product_brand?post=12159"},{"taxonomy":"product_cat","embeddable":true,"href":"https:\/\/ursus.ee\/en\/wp-json\/wp\/v2\/product_cat?post=12159"},{"taxonomy":"product_tag","embeddable":true,"href":"https:\/\/ursus.ee\/en\/wp-json\/wp\/v2\/product_tag?post=12159"}],"curies":[{"name":"wp","href":"https:\/\/api.w.org\/{rel}","templated":true}]}}