{"id":12156,"date":"2025-12-16T18:17:38","date_gmt":"2025-12-16T16:17:38","guid":{"rendered":"https:\/\/ursus.ee\/toode\/digitaalkaal-style-sense-compact-300-slate-2\/"},"modified":"2026-03-27T16:27:22","modified_gmt":"2026-03-27T14:27:22","slug":"digitaalkaal-style-sense-compact-300-slate-2","status":"publish","type":"product","link":"https:\/\/ursus.ee\/en\/toode\/digitaalkaal-style-sense-compact-300-slate-2\/","title":{"rendered":"Digitaalkaal Style Sense Compact 300 Slate"},"content":{"rendered":"<p>Style Sense Compact 300 on pilkup\u00fc\u00fcdev elegantse musta vulkaanikivimi disainiga digitaalne vannitoakaal. Kaalumisplatvorm on valmistatud k\u00f5rgekvaliteedilisest turvaklaasist, olles kasutamisel turvaline ja stabiilne. LCD ekraanile kuvatavad numbrid on suured ja kergesti loetavad, numbrite k\u00f5rgus 2,5cm. Kaalumist\u00e4psus 100g. Maksimaalne kaalupiirang 180kg. Kaalu aktiveerimiseks lihtsalt astuge kalule. Automaatne v\u00e4ljal\u00fclitus. Patareide kamber kinnitub kruvidega laste ohutuse tagamiseks. Toode on koheselt kasutatav, patareid kuuluvad komplekti.<\/p>\n","protected":false},"excerpt":{"rendered":"<p>Style Sense Compact 300 on pilkup\u00fc\u00fcdev elegantse musta vulkaanikivimi disainiga digitaalne vannitoakaal. Kaalumisplatvorm on valmistatud k\u00f5rgekvaliteedilisest turvaklaasist, olles kasutamisel turvaline ja stabiilne. LCD ekraanile kuvatavad numbrid on suured ja kergesti loetavad, numbrite k\u00f5rgus 2,5cm. Kaalumist\u00e4psus 100g. Maksimaalne kaalupiirang 180kg. Kaalu aktiveerimiseks lihtsalt astuge kalule. Automaatne v\u00e4ljal\u00fclitus. Patareide kamber kinnitub kruvidega laste ohutuse tagamiseks. Toode on<\/p>\n","protected":false},"featured_media":12157,"comment_status":"closed","ping_status":"closed","template":"","meta":{"_acf_changed":false},"product_brand":[467],"product_cat":[244,518],"product_tag":[],"class_list":{"0":"post-12156","1":"product","2":"type-product","3":"status-publish","4":"has-post-thumbnail","6":"product_brand-soehnle","7":"product_cat-kehahooldus","8":"product_cat-tervisetooted","9":"pa_kogus-1-tk","10":"pa_paritolumaa-saksamaa","11":"pa_uhik-tk","13":"first","14":"instock","15":"purchasable","16":"product-type-simple"},"acf":[],"_links":{"self":[{"href":"https:\/\/ursus.ee\/en\/wp-json\/wp\/v2\/product\/12156","targetHints":{"allow":["GET"]}}],"collection":[{"href":"https:\/\/ursus.ee\/en\/wp-json\/wp\/v2\/product"}],"about":[{"href":"https:\/\/ursus.ee\/en\/wp-json\/wp\/v2\/types\/product"}],"replies":[{"embeddable":true,"href":"https:\/\/ursus.ee\/en\/wp-json\/wp\/v2\/comments?post=12156"}],"wp:featuredmedia":[{"embeddable":true,"href":"https:\/\/ursus.ee\/en\/wp-json\/wp\/v2\/media\/12157"}],"wp:attachment":[{"href":"https:\/\/ursus.ee\/en\/wp-json\/wp\/v2\/media?parent=12156"}],"wp:term":[{"taxonomy":"product_brand","embeddable":true,"href":"https:\/\/ursus.ee\/en\/wp-json\/wp\/v2\/product_brand?post=12156"},{"taxonomy":"product_cat","embeddable":true,"href":"https:\/\/ursus.ee\/en\/wp-json\/wp\/v2\/product_cat?post=12156"},{"taxonomy":"product_tag","embeddable":true,"href":"https:\/\/ursus.ee\/en\/wp-json\/wp\/v2\/product_tag?post=12156"}],"curies":[{"name":"wp","href":"https:\/\/api.w.org\/{rel}","templated":true}]}}