{"id":12152,"date":"2025-12-16T18:17:38","date_gmt":"2025-12-16T16:17:38","guid":{"rendered":"https:\/\/ursus.ee\/toode\/prugikotid-elastic-fix-64x70cm-60l-2\/"},"modified":"2026-04-04T12:06:47","modified_gmt":"2026-04-04T09:06:47","slug":"prugikotid-elastic-fix-64x70cm-60l-2","status":"publish","type":"product","link":"https:\/\/ursus.ee\/en\/toode\/prugikotid-elastic-fix-64x70cm-60l-2\/","title":{"rendered":"Pr\u00fcgikotid Elastic Fix 64x70cm 60L"},"content":{"rendered":"<p>Uuenduslikud pr\u00fcgikotid ainulaadsete elastsete paeltega. Kotid p\u00fcsivad kindlalt ja stabiilselt pr\u00fcgikastis ega libise sisse t\u00e4nu elastikpaelale, mis fikseerub pr\u00fcgikasti \u00e4\u00e4re k\u00fclge. Eriti tugevad ja vastupidavad kotid, \u00fche koti maksimaalne kaalutaluvus on 22kg. Pakendis 60L kotid m\u00f5\u00f5duga 64x70cm, 10tk, lillat v\u00e4rvi. Tugevad ja vastupidavad pr\u00fcgikotid.<\/p>\n","protected":false},"excerpt":{"rendered":"<p>Uuenduslikud pr\u00fcgikotid ainulaadsete elastsete paeltega. Kotid p\u00fcsivad kindlalt ja stabiilselt pr\u00fcgikastis ega libise sisse t\u00e4nu elastikpaelale, mis fikseerub pr\u00fcgikasti \u00e4\u00e4re k\u00fclge. Eriti tugevad ja vastupidavad kotid, \u00fche koti maksimaalne kaalutaluvus on 22kg. Pakendis 60L kotid m\u00f5\u00f5duga 64x70cm, 10tk, lillat v\u00e4rvi. Tugevad ja vastupidavad pr\u00fcgikotid.<\/p>\n","protected":false},"featured_media":14340,"comment_status":"closed","ping_status":"closed","template":"","meta":{"_acf_changed":false},"product_brand":[458],"product_cat":[409,448],"product_tag":[],"class_list":{"0":"post-12152","1":"product","2":"type-product","3":"status-publish","4":"has-post-thumbnail","6":"product_brand-alufix","7":"product_cat-koristustarvikud","8":"product_cat-prugikotid","9":"pa_kogus-10-tk","10":"pa_paritolumaa-ukraina","11":"pa_uhik-tk","13":"first","14":"instock","15":"purchasable","16":"product-type-simple"},"acf":[],"_links":{"self":[{"href":"https:\/\/ursus.ee\/en\/wp-json\/wp\/v2\/product\/12152","targetHints":{"allow":["GET"]}}],"collection":[{"href":"https:\/\/ursus.ee\/en\/wp-json\/wp\/v2\/product"}],"about":[{"href":"https:\/\/ursus.ee\/en\/wp-json\/wp\/v2\/types\/product"}],"replies":[{"embeddable":true,"href":"https:\/\/ursus.ee\/en\/wp-json\/wp\/v2\/comments?post=12152"}],"wp:featuredmedia":[{"embeddable":true,"href":"https:\/\/ursus.ee\/en\/wp-json\/wp\/v2\/media\/14340"}],"wp:attachment":[{"href":"https:\/\/ursus.ee\/en\/wp-json\/wp\/v2\/media?parent=12152"}],"wp:term":[{"taxonomy":"product_brand","embeddable":true,"href":"https:\/\/ursus.ee\/en\/wp-json\/wp\/v2\/product_brand?post=12152"},{"taxonomy":"product_cat","embeddable":true,"href":"https:\/\/ursus.ee\/en\/wp-json\/wp\/v2\/product_cat?post=12152"},{"taxonomy":"product_tag","embeddable":true,"href":"https:\/\/ursus.ee\/en\/wp-json\/wp\/v2\/product_tag?post=12152"}],"curies":[{"name":"wp","href":"https:\/\/api.w.org\/{rel}","templated":true}]}}