{"id":12150,"date":"2025-12-16T18:17:38","date_gmt":"2025-12-16T16:17:38","guid":{"rendered":"https:\/\/ursus.ee\/toode\/prugikotid-mega-strong-ehitusjaatmetele-hdpe-60l-10tk-2\/"},"modified":"2026-03-27T15:40:40","modified_gmt":"2026-03-27T13:40:40","slug":"prugikotid-mega-strong-ehitusjaatmetele-hdpe-60l-10tk-2","status":"publish","type":"product","link":"https:\/\/ursus.ee\/en\/toode\/prugikotid-mega-strong-ehitusjaatmetele-hdpe-60l-10tk-2\/","title":{"rendered":"Pr\u00fcgikotid Mega Strong ehitusj\u00e4\u00e4tmetele HDPE 60L 10tk"},"content":{"rendered":"<p>\u00dclitugevad pr\u00fcgikotid, mis sobib ideaalselt ka ehitusj\u00e4\u00e4tmete kogumiseks. Valmistatud tugevast kilest, mis on elastne, rebenemis- ja torkekindel.<\/p>\n","protected":false},"excerpt":{"rendered":"<p>\u00dclitugevad pr\u00fcgikotid, mis sobib ideaalselt ka ehitusj\u00e4\u00e4tmete kogumiseks. Valmistatud tugevast kilest, mis on elastne, rebenemis- ja torkekindel.<\/p>\n","protected":false},"featured_media":14336,"comment_status":"closed","ping_status":"closed","template":"","meta":{"_acf_changed":false},"product_brand":[458],"product_cat":[409,448],"product_tag":[],"class_list":{"0":"post-12150","1":"product","2":"type-product","3":"status-publish","4":"has-post-thumbnail","6":"product_brand-alufix","7":"product_cat-koristustarvikud","8":"product_cat-prugikotid","9":"pa_kogus-10-tk","10":"pa_paritolumaa-ukraina","11":"pa_uhik-tk","13":"first","14":"instock","15":"purchasable","16":"product-type-simple"},"acf":[],"_links":{"self":[{"href":"https:\/\/ursus.ee\/en\/wp-json\/wp\/v2\/product\/12150","targetHints":{"allow":["GET"]}}],"collection":[{"href":"https:\/\/ursus.ee\/en\/wp-json\/wp\/v2\/product"}],"about":[{"href":"https:\/\/ursus.ee\/en\/wp-json\/wp\/v2\/types\/product"}],"replies":[{"embeddable":true,"href":"https:\/\/ursus.ee\/en\/wp-json\/wp\/v2\/comments?post=12150"}],"wp:featuredmedia":[{"embeddable":true,"href":"https:\/\/ursus.ee\/en\/wp-json\/wp\/v2\/media\/14336"}],"wp:attachment":[{"href":"https:\/\/ursus.ee\/en\/wp-json\/wp\/v2\/media?parent=12150"}],"wp:term":[{"taxonomy":"product_brand","embeddable":true,"href":"https:\/\/ursus.ee\/en\/wp-json\/wp\/v2\/product_brand?post=12150"},{"taxonomy":"product_cat","embeddable":true,"href":"https:\/\/ursus.ee\/en\/wp-json\/wp\/v2\/product_cat?post=12150"},{"taxonomy":"product_tag","embeddable":true,"href":"https:\/\/ursus.ee\/en\/wp-json\/wp\/v2\/product_tag?post=12150"}],"curies":[{"name":"wp","href":"https:\/\/api.w.org\/{rel}","templated":true}]}}