{"id":12146,"date":"2025-12-16T18:16:35","date_gmt":"2025-12-16T16:16:35","guid":{"rendered":"https:\/\/ursus.ee\/toode\/prugikotid-bl-standard-120l-ldpe-70x110cm-2\/"},"modified":"2026-03-27T15:40:40","modified_gmt":"2026-03-27T13:40:40","slug":"prugikotid-bl-standard-120l-ldpe-70x110cm-2","status":"publish","type":"product","link":"https:\/\/ursus.ee\/en\/toode\/prugikotid-bl-standard-120l-ldpe-70x110cm-2\/","title":{"rendered":"Pr\u00fcgikotid BL Standard 120L LDPE 70x110cm"},"content":{"rendered":"<p>Standardsed pr\u00fcgikotid LDPE materjalist suurusega 70x110cm. Musta v\u00e4rvi pr\u00fcgikotid on t\u00e4ht\u00f5mblusega, 23 \u03bcm paksusega. Pakendis 25tk<\/p>\n","protected":false},"excerpt":{"rendered":"<p>Standardsed pr\u00fcgikotid LDPE materjalist suurusega 70x110cm. Musta v\u00e4rvi pr\u00fcgikotid on t\u00e4ht\u00f5mblusega, 23 \u03bcm paksusega. Pakendis 25tk<\/p>\n","protected":false},"featured_media":13832,"comment_status":"closed","ping_status":"closed","template":"","meta":{"_acf_changed":false},"product_brand":[458],"product_cat":[409,448],"product_tag":[],"class_list":{"0":"post-12146","1":"product","2":"type-product","3":"status-publish","4":"has-post-thumbnail","6":"product_brand-alufix","7":"product_cat-koristustarvikud","8":"product_cat-prugikotid","9":"pa_kogus-25-tk","10":"pa_paritolumaa-ukraina","11":"pa_uhik-tk","13":"first","14":"instock","15":"purchasable","16":"product-type-simple"},"acf":[],"_links":{"self":[{"href":"https:\/\/ursus.ee\/en\/wp-json\/wp\/v2\/product\/12146","targetHints":{"allow":["GET"]}}],"collection":[{"href":"https:\/\/ursus.ee\/en\/wp-json\/wp\/v2\/product"}],"about":[{"href":"https:\/\/ursus.ee\/en\/wp-json\/wp\/v2\/types\/product"}],"replies":[{"embeddable":true,"href":"https:\/\/ursus.ee\/en\/wp-json\/wp\/v2\/comments?post=12146"}],"wp:featuredmedia":[{"embeddable":true,"href":"https:\/\/ursus.ee\/en\/wp-json\/wp\/v2\/media\/13832"}],"wp:attachment":[{"href":"https:\/\/ursus.ee\/en\/wp-json\/wp\/v2\/media?parent=12146"}],"wp:term":[{"taxonomy":"product_brand","embeddable":true,"href":"https:\/\/ursus.ee\/en\/wp-json\/wp\/v2\/product_brand?post=12146"},{"taxonomy":"product_cat","embeddable":true,"href":"https:\/\/ursus.ee\/en\/wp-json\/wp\/v2\/product_cat?post=12146"},{"taxonomy":"product_tag","embeddable":true,"href":"https:\/\/ursus.ee\/en\/wp-json\/wp\/v2\/product_tag?post=12146"}],"curies":[{"name":"wp","href":"https:\/\/api.w.org\/{rel}","templated":true}]}}