{"id":12145,"date":"2025-12-16T18:16:35","date_gmt":"2025-12-16T16:16:35","guid":{"rendered":"https:\/\/ursus.ee\/toode\/prugikott-60l-2\/"},"modified":"2026-03-27T15:40:40","modified_gmt":"2026-03-27T13:40:40","slug":"prugikott-60l-2","status":"publish","type":"product","link":"https:\/\/ursus.ee\/en\/toode\/prugikott-60l-2\/","title":{"rendered":"Pr\u00fcgikott 60L"},"content":{"rendered":"<p>Klassikaline suure avaga pr\u00fcgikott, 60L. Koti suurus 64x71cm. Pr\u00fcgikoti valmistamisel on kasutatud v\u00e4hemalt 80% taaskasutatud materjali.<\/p>\n","protected":false},"excerpt":{"rendered":"<p>Klassikaline suure avaga pr\u00fcgikott, 60L. Koti suurus 64x71cm. Pr\u00fcgikoti valmistamisel on kasutatud v\u00e4hemalt 80% taaskasutatud materjali.<\/p>\n","protected":false},"featured_media":13830,"comment_status":"closed","ping_status":"closed","template":"","meta":{"_acf_changed":false},"product_brand":[458],"product_cat":[409,448],"product_tag":[],"class_list":{"0":"post-12145","1":"product","2":"type-product","3":"status-publish","4":"has-post-thumbnail","6":"product_brand-alufix","7":"product_cat-koristustarvikud","8":"product_cat-prugikotid","9":"pa_kogus-20-tk","10":"pa_paritolumaa-ukraina","11":"pa_uhik-tk","13":"first","14":"instock","15":"purchasable","16":"product-type-simple"},"acf":[],"_links":{"self":[{"href":"https:\/\/ursus.ee\/en\/wp-json\/wp\/v2\/product\/12145","targetHints":{"allow":["GET"]}}],"collection":[{"href":"https:\/\/ursus.ee\/en\/wp-json\/wp\/v2\/product"}],"about":[{"href":"https:\/\/ursus.ee\/en\/wp-json\/wp\/v2\/types\/product"}],"replies":[{"embeddable":true,"href":"https:\/\/ursus.ee\/en\/wp-json\/wp\/v2\/comments?post=12145"}],"wp:featuredmedia":[{"embeddable":true,"href":"https:\/\/ursus.ee\/en\/wp-json\/wp\/v2\/media\/13830"}],"wp:attachment":[{"href":"https:\/\/ursus.ee\/en\/wp-json\/wp\/v2\/media?parent=12145"}],"wp:term":[{"taxonomy":"product_brand","embeddable":true,"href":"https:\/\/ursus.ee\/en\/wp-json\/wp\/v2\/product_brand?post=12145"},{"taxonomy":"product_cat","embeddable":true,"href":"https:\/\/ursus.ee\/en\/wp-json\/wp\/v2\/product_cat?post=12145"},{"taxonomy":"product_tag","embeddable":true,"href":"https:\/\/ursus.ee\/en\/wp-json\/wp\/v2\/product_tag?post=12145"}],"curies":[{"name":"wp","href":"https:\/\/api.w.org\/{rel}","templated":true}]}}