{"id":12142,"date":"2025-12-16T18:16:35","date_gmt":"2025-12-16T16:16:35","guid":{"rendered":"https:\/\/ursus.ee\/toode\/prugikott-nooridega-45l-2\/"},"modified":"2026-03-27T15:40:40","modified_gmt":"2026-03-27T13:40:40","slug":"prugikott-nooridega-45l-2","status":"publish","type":"product","link":"https:\/\/ursus.ee\/en\/toode\/prugikott-nooridega-45l-2\/","title":{"rendered":"Pr\u00fcgikott n\u00f6\u00f6ridega 45L"},"content":{"rendered":"<p>Eriti tugev n\u00f6\u00f6ridega pr\u00fcgikott. Kott on roheline, l\u00e4bipaistmatu ja mugava n\u00f6\u00f6riga sulgemiseks ja pr\u00fcgi v\u00e4lja viimiseks ilma kartuseta, et see teel pr\u00fcgikastini laguneb. 14my. HDPE materjal. Koti suurus 60 x 60cm. Pr\u00fcgikoti valmistamisel on kasutatud v\u00e4hemalt 60% taaskasutatud materjali.<\/p>\n","protected":false},"excerpt":{"rendered":"<p>Eriti tugev n\u00f6\u00f6ridega pr\u00fcgikott. Kott on roheline, l\u00e4bipaistmatu ja mugava n\u00f6\u00f6riga sulgemiseks ja pr\u00fcgi v\u00e4lja viimiseks ilma kartuseta, et see teel pr\u00fcgikastini laguneb. 14my. HDPE materjal. Koti suurus 60 x 60cm. Pr\u00fcgikoti valmistamisel on kasutatud v\u00e4hemalt 60% taaskasutatud materjali.<\/p>\n","protected":false},"featured_media":13824,"comment_status":"closed","ping_status":"closed","template":"","meta":{"_acf_changed":false},"product_brand":[458],"product_cat":[409,448],"product_tag":[],"class_list":{"0":"post-12142","1":"product","2":"type-product","3":"status-publish","4":"has-post-thumbnail","6":"product_brand-alufix","7":"product_cat-koristustarvikud","8":"product_cat-prugikotid","9":"pa_kogus-20-tk","10":"pa_paritolumaa-ukraina","11":"pa_uhik-tk","13":"first","14":"instock","15":"purchasable","16":"product-type-simple"},"acf":[],"_links":{"self":[{"href":"https:\/\/ursus.ee\/en\/wp-json\/wp\/v2\/product\/12142","targetHints":{"allow":["GET"]}}],"collection":[{"href":"https:\/\/ursus.ee\/en\/wp-json\/wp\/v2\/product"}],"about":[{"href":"https:\/\/ursus.ee\/en\/wp-json\/wp\/v2\/types\/product"}],"replies":[{"embeddable":true,"href":"https:\/\/ursus.ee\/en\/wp-json\/wp\/v2\/comments?post=12142"}],"wp:featuredmedia":[{"embeddable":true,"href":"https:\/\/ursus.ee\/en\/wp-json\/wp\/v2\/media\/13824"}],"wp:attachment":[{"href":"https:\/\/ursus.ee\/en\/wp-json\/wp\/v2\/media?parent=12142"}],"wp:term":[{"taxonomy":"product_brand","embeddable":true,"href":"https:\/\/ursus.ee\/en\/wp-json\/wp\/v2\/product_brand?post=12142"},{"taxonomy":"product_cat","embeddable":true,"href":"https:\/\/ursus.ee\/en\/wp-json\/wp\/v2\/product_cat?post=12142"},{"taxonomy":"product_tag","embeddable":true,"href":"https:\/\/ursus.ee\/en\/wp-json\/wp\/v2\/product_tag?post=12142"}],"curies":[{"name":"wp","href":"https:\/\/api.w.org\/{rel}","templated":true}]}}