{"id":12138,"date":"2025-12-16T18:16:35","date_gmt":"2025-12-16T16:16:35","guid":{"rendered":"https:\/\/ursus.ee\/toode\/eriti-tugev-prugikott-nooridega-flexy-35l-2\/"},"modified":"2026-03-30T10:34:21","modified_gmt":"2026-03-30T07:34:21","slug":"eriti-tugev-prugikott-nooridega-flexy-35l-2","status":"publish","type":"product","link":"https:\/\/ursus.ee\/en\/toode\/eriti-tugev-prugikott-nooridega-flexy-35l-2\/","title":{"rendered":"Eriti tugev pr\u00fcgikott n\u00f6\u00f6ridega Flexy 35L"},"content":{"rendered":"<p>Pr\u00fcgikottide uus ajastu. Uuenduslik ja stiilne FLEXY Premium pr\u00fcgikottide sari, millel on eriline unikaalne teemandikujuline materjali tekstuur, mis muudab kotid eriti venivaks, paindlikuks ning rebenemis- ja torkekindlamaks. Ka terevad esemed kotis ei tee kotti sissel\u00f5ikeid ja vigastusi.Tugevdatud ja elastne, l\u00e4bipaistmatu 2-kihiline kile annab t\u00e4iendava tugevuse ja suurema kandev\u00f5ime. Pr\u00fcgikottidel on ka praktiline tugevdatud n\u00f6\u00f6r, mis h\u00f5lbustab pingutamist, k\u00e4sitsemist ja transportimist.Koti suurus on 53x60cm. Pr\u00fcgikoti valmistamisel on kasutatud v\u00e4hemalt 80% taaskasutatud materjali.<\/p>\n","protected":false},"excerpt":{"rendered":"<p>Pr\u00fcgikottide uus ajastu. Uuenduslik ja stiilne FLEXY Premium pr\u00fcgikottide sari, millel on eriline unikaalne teemandikujuline materjali tekstuur, mis muudab kotid eriti venivaks, paindlikuks ning rebenemis- ja torkekindlamaks. Ka terevad esemed kotis ei tee kotti sissel\u00f5ikeid ja vigastusi.Tugevdatud ja elastne, l\u00e4bipaistmatu 2-kihiline kile annab t\u00e4iendava tugevuse ja suurema kandev\u00f5ime. Pr\u00fcgikottidel on ka praktiline tugevdatud n\u00f6\u00f6r, mis<\/p>\n","protected":false},"featured_media":13814,"comment_status":"closed","ping_status":"closed","template":"","meta":{"_acf_changed":false},"product_brand":[458],"product_cat":[409,448],"product_tag":[],"class_list":{"0":"post-12138","1":"product","2":"type-product","3":"status-publish","4":"has-post-thumbnail","6":"product_brand-alufix","7":"product_cat-koristustarvikud","8":"product_cat-prugikotid","9":"pa_kogus-15-tk","10":"pa_paritolumaa-ukraina","11":"pa_uhik-tk","13":"first","14":"instock","15":"purchasable","16":"product-type-simple"},"acf":[],"_links":{"self":[{"href":"https:\/\/ursus.ee\/en\/wp-json\/wp\/v2\/product\/12138","targetHints":{"allow":["GET"]}}],"collection":[{"href":"https:\/\/ursus.ee\/en\/wp-json\/wp\/v2\/product"}],"about":[{"href":"https:\/\/ursus.ee\/en\/wp-json\/wp\/v2\/types\/product"}],"replies":[{"embeddable":true,"href":"https:\/\/ursus.ee\/en\/wp-json\/wp\/v2\/comments?post=12138"}],"wp:featuredmedia":[{"embeddable":true,"href":"https:\/\/ursus.ee\/en\/wp-json\/wp\/v2\/media\/13814"}],"wp:attachment":[{"href":"https:\/\/ursus.ee\/en\/wp-json\/wp\/v2\/media?parent=12138"}],"wp:term":[{"taxonomy":"product_brand","embeddable":true,"href":"https:\/\/ursus.ee\/en\/wp-json\/wp\/v2\/product_brand?post=12138"},{"taxonomy":"product_cat","embeddable":true,"href":"https:\/\/ursus.ee\/en\/wp-json\/wp\/v2\/product_cat?post=12138"},{"taxonomy":"product_tag","embeddable":true,"href":"https:\/\/ursus.ee\/en\/wp-json\/wp\/v2\/product_tag?post=12138"}],"curies":[{"name":"wp","href":"https:\/\/api.w.org\/{rel}","templated":true}]}}