{"id":12134,"date":"2025-12-16T18:16:35","date_gmt":"2025-12-16T16:16:35","guid":{"rendered":"https:\/\/ursus.ee\/toode\/kupsetuspaberilehed-pop-up-karp-33x42cm\/"},"modified":"2026-03-27T16:15:51","modified_gmt":"2026-03-27T14:15:51","slug":"kupsetuspaberilehed-pop-up-karp-33x42cm","status":"publish","type":"product","link":"https:\/\/ursus.ee\/en\/toode\/kupsetuspaberilehed-pop-up-karp-33x42cm\/","title":{"rendered":"K\u00fcpsetuspaberilehed POP-UP karp 33x42cm"},"content":{"rendered":"<p>Premium kvaliteediga k\u00fcpsetuspaberilehed suurusega 33x42cm, pakendis 50tk.\u00a0 K\u00fcpsetuslehtede pind on mittenakkuv ja v\u00e4ga hea rasvakindlusega, kuna on t\u00f6\u00f6deldud spetsiaalse silikooniga m\u00f5lemalt lehe poolt.\u00a0 Kuumuskindel kuni 220 \u00b0C&#8221;, sobib kasutamiseks ka mikrolaineahjus. Pakendist on v\u00e4lja v\u00f5tta eriti mugav ja lihtne t\u00e4nu uuenduslikule POP-Up s\u00fcsteemile. K\u00fcpsetuspaber on valmistatud k\u00f5rgeima kvaliteediga tsellulooskiududest.<\/p>\n","protected":false},"excerpt":{"rendered":"<p>Premium kvaliteediga k\u00fcpsetuspaberilehed suurusega 33x42cm, pakendis 50tk.\u00a0 K\u00fcpsetuslehtede pind on mittenakkuv ja v\u00e4ga hea rasvakindlusega, kuna on t\u00f6\u00f6deldud spetsiaalse silikooniga m\u00f5lemalt lehe poolt.\u00a0 Kuumuskindel kuni 220 \u00b0C&#8221;, sobib kasutamiseks ka mikrolaineahjus. Pakendist on v\u00e4lja v\u00f5tta eriti mugav ja lihtne t\u00e4nu uuenduslikule POP-Up s\u00fcsteemile. K\u00fcpsetuspaber on valmistatud k\u00f5rgeima kvaliteediga tsellulooskiududest.<\/p>\n","protected":false},"featured_media":13805,"comment_status":"closed","ping_status":"closed","template":"","meta":{"_acf_changed":false},"product_brand":[458],"product_cat":[405,459],"product_tag":[],"class_list":{"0":"post-12134","1":"product","2":"type-product","3":"status-publish","4":"has-post-thumbnail","6":"product_brand-alufix","7":"product_cat-koogitarbed","8":"product_cat-fooliumid-kiled-kupsetuspaberid","9":"pa_kogus-50tk","10":"pa_koostis-pap-22-microten-plastik-tsellofaan","11":"pa_paritolumaa-ukraina","12":"pa_uhik-tk","14":"first","15":"instock","16":"purchasable","17":"product-type-simple"},"acf":[],"_links":{"self":[{"href":"https:\/\/ursus.ee\/en\/wp-json\/wp\/v2\/product\/12134","targetHints":{"allow":["GET"]}}],"collection":[{"href":"https:\/\/ursus.ee\/en\/wp-json\/wp\/v2\/product"}],"about":[{"href":"https:\/\/ursus.ee\/en\/wp-json\/wp\/v2\/types\/product"}],"replies":[{"embeddable":true,"href":"https:\/\/ursus.ee\/en\/wp-json\/wp\/v2\/comments?post=12134"}],"wp:featuredmedia":[{"embeddable":true,"href":"https:\/\/ursus.ee\/en\/wp-json\/wp\/v2\/media\/13805"}],"wp:attachment":[{"href":"https:\/\/ursus.ee\/en\/wp-json\/wp\/v2\/media?parent=12134"}],"wp:term":[{"taxonomy":"product_brand","embeddable":true,"href":"https:\/\/ursus.ee\/en\/wp-json\/wp\/v2\/product_brand?post=12134"},{"taxonomy":"product_cat","embeddable":true,"href":"https:\/\/ursus.ee\/en\/wp-json\/wp\/v2\/product_cat?post=12134"},{"taxonomy":"product_tag","embeddable":true,"href":"https:\/\/ursus.ee\/en\/wp-json\/wp\/v2\/product_tag?post=12134"}],"curies":[{"name":"wp","href":"https:\/\/api.w.org\/{rel}","templated":true}]}}