{"id":12131,"date":"2025-12-16T18:16:35","date_gmt":"2025-12-16T16:16:35","guid":{"rendered":"https:\/\/ursus.ee\/toode\/kupsetusvorm-alumiiniumfooliumist-225x17cm-3tk-2\/"},"modified":"2026-03-27T16:15:51","modified_gmt":"2026-03-27T14:15:51","slug":"kupsetusvorm-alumiiniumfooliumist-225x17cm-3tk-2","status":"publish","type":"product","link":"https:\/\/ursus.ee\/en\/toode\/kupsetusvorm-alumiiniumfooliumist-225x17cm-3tk-2\/","title":{"rendered":"K\u00fcpsetusvorm alumiiniumfooliumist 22,5x17cm 3tk"},"content":{"rendered":"<p>Alumiiniumfoolium blokeerib valguse ja hapniku juurdep\u00e4\u00e4su pakendatavatele toodetele. Foolium sobib kokkupuuteks toiduainetega. Fooliumvormid sobivad k\u00fcpsetamiseks, grillimiseks, n\u00f5udlike tingimustega toodete pakendamiseks, temperatuuri isolatsiooniks ja s\u00e4ilitamiseks, serveerimiseks ja paljuks muuks. Vormid on h\u00fcgieenilised, ei j\u00e4ta toidule maitseid v\u00f5i l\u00f5hnu. Vormid sobivad kasutamiseks mikrolaineahjus, s\u00e4ilitamiseks ja k\u00fclmutamiseks kuni -40\u00b0C juures ja ahjus k\u00fcpsetamiseks kuni +250\u00b0C juures.<\/p>\n","protected":false},"excerpt":{"rendered":"<p>Alumiiniumfoolium blokeerib valguse ja hapniku juurdep\u00e4\u00e4su pakendatavatele toodetele. Foolium sobib kokkupuuteks toiduainetega. Fooliumvormid sobivad k\u00fcpsetamiseks, grillimiseks, n\u00f5udlike tingimustega toodete pakendamiseks, temperatuuri isolatsiooniks ja s\u00e4ilitamiseks, serveerimiseks ja paljuks muuks. Vormid on h\u00fcgieenilised, ei j\u00e4ta toidule maitseid v\u00f5i l\u00f5hnu. Vormid sobivad kasutamiseks mikrolaineahjus, s\u00e4ilitamiseks ja k\u00fclmutamiseks kuni -40\u00b0C juures ja ahjus k\u00fcpsetamiseks kuni +250\u00b0C juures.<\/p>\n","protected":false},"featured_media":13798,"comment_status":"closed","ping_status":"closed","template":"","meta":{"_acf_changed":false},"product_brand":[458],"product_cat":[405,459],"product_tag":[],"class_list":{"0":"post-12131","1":"product","2":"type-product","3":"status-publish","4":"has-post-thumbnail","6":"product_brand-alufix","7":"product_cat-koogitarbed","8":"product_cat-fooliumid-kiled-kupsetuspaberid","9":"pa_kogus-3-tk","10":"pa_koostis-alu-41","11":"pa_paritolumaa-rumeenia","12":"pa_uhik-tk","14":"first","15":"instock","16":"purchasable","17":"product-type-simple"},"acf":[],"_links":{"self":[{"href":"https:\/\/ursus.ee\/en\/wp-json\/wp\/v2\/product\/12131","targetHints":{"allow":["GET"]}}],"collection":[{"href":"https:\/\/ursus.ee\/en\/wp-json\/wp\/v2\/product"}],"about":[{"href":"https:\/\/ursus.ee\/en\/wp-json\/wp\/v2\/types\/product"}],"replies":[{"embeddable":true,"href":"https:\/\/ursus.ee\/en\/wp-json\/wp\/v2\/comments?post=12131"}],"wp:featuredmedia":[{"embeddable":true,"href":"https:\/\/ursus.ee\/en\/wp-json\/wp\/v2\/media\/13798"}],"wp:attachment":[{"href":"https:\/\/ursus.ee\/en\/wp-json\/wp\/v2\/media?parent=12131"}],"wp:term":[{"taxonomy":"product_brand","embeddable":true,"href":"https:\/\/ursus.ee\/en\/wp-json\/wp\/v2\/product_brand?post=12131"},{"taxonomy":"product_cat","embeddable":true,"href":"https:\/\/ursus.ee\/en\/wp-json\/wp\/v2\/product_cat?post=12131"},{"taxonomy":"product_tag","embeddable":true,"href":"https:\/\/ursus.ee\/en\/wp-json\/wp\/v2\/product_tag?post=12131"}],"curies":[{"name":"wp","href":"https:\/\/api.w.org\/{rel}","templated":true}]}}