{"id":12130,"date":"2025-12-16T18:16:35","date_gmt":"2025-12-16T16:16:35","guid":{"rendered":"https:\/\/ursus.ee\/toode\/koogisvammid-3d-lainelised-4\/"},"modified":"2026-03-27T15:40:39","modified_gmt":"2026-03-27T13:40:39","slug":"koogisvammid-3d-lainelised-4","status":"publish","type":"product","link":"https:\/\/ursus.ee\/en\/toode\/koogisvammid-3d-lainelised-4\/","title":{"rendered":"K\u00f6\u00f6gisvammid 3D lainelised"},"content":{"rendered":"<p>Svammid on suurep\u00e4rased, kvaliteetsed, k\u00e4es mugavad hoida ja puhastavad t\u00f5husalt ja kiiresti. Vahutihendus 20 g\/m3 ja kiudude tihedusega 710 g\/m3 pakuvad need erakordset vastupidavust ja imavust. Sobib nii t\u00f6\u00f6tasapinna, k\u00f6\u00f6gikappide, k\u00f6\u00f6gilaua p\u00fchkimiseks ning n\u00f5udelt tugevate plekkide eemaldamiseks. Svammi m\u00f5\u00f5dud: 7,9&#215;4,9&#215;3,1cm<\/p>\n","protected":false},"excerpt":{"rendered":"<p>Svammid on suurep\u00e4rased, kvaliteetsed, k\u00e4es mugavad hoida ja puhastavad t\u00f5husalt ja kiiresti. Vahutihendus 20 g\/m3 ja kiudude tihedusega 710 g\/m3 pakuvad need erakordset vastupidavust ja imavust. Sobib nii t\u00f6\u00f6tasapinna, k\u00f6\u00f6gikappide, k\u00f6\u00f6gilaua p\u00fchkimiseks ning n\u00f5udelt tugevate plekkide eemaldamiseks. Svammi m\u00f5\u00f5dud: 7,9&#215;4,9&#215;3,1cm<\/p>\n","protected":false},"featured_media":13796,"comment_status":"closed","ping_status":"closed","template":"","meta":{"_acf_changed":false},"product_brand":[447],"product_cat":[409,515],"product_tag":[],"class_list":{"0":"post-12130","1":"product","2":"type-product","3":"status-publish","4":"has-post-thumbnail","6":"product_brand-vortex","7":"product_cat-koristustarvikud","8":"product_cat-svammid-lapid-ja-kuurimisvahendid","9":"pa_kogus-10-tk","10":"pa_koostis-vahtpoluuretaan","11":"pa_paritolumaa-ukraina","12":"pa_uhik-tk","14":"first","15":"instock","16":"purchasable","17":"product-type-simple"},"acf":[],"_links":{"self":[{"href":"https:\/\/ursus.ee\/en\/wp-json\/wp\/v2\/product\/12130","targetHints":{"allow":["GET"]}}],"collection":[{"href":"https:\/\/ursus.ee\/en\/wp-json\/wp\/v2\/product"}],"about":[{"href":"https:\/\/ursus.ee\/en\/wp-json\/wp\/v2\/types\/product"}],"replies":[{"embeddable":true,"href":"https:\/\/ursus.ee\/en\/wp-json\/wp\/v2\/comments?post=12130"}],"wp:featuredmedia":[{"embeddable":true,"href":"https:\/\/ursus.ee\/en\/wp-json\/wp\/v2\/media\/13796"}],"wp:attachment":[{"href":"https:\/\/ursus.ee\/en\/wp-json\/wp\/v2\/media?parent=12130"}],"wp:term":[{"taxonomy":"product_brand","embeddable":true,"href":"https:\/\/ursus.ee\/en\/wp-json\/wp\/v2\/product_brand?post=12130"},{"taxonomy":"product_cat","embeddable":true,"href":"https:\/\/ursus.ee\/en\/wp-json\/wp\/v2\/product_cat?post=12130"},{"taxonomy":"product_tag","embeddable":true,"href":"https:\/\/ursus.ee\/en\/wp-json\/wp\/v2\/product_tag?post=12130"}],"curies":[{"name":"wp","href":"https:\/\/api.w.org\/{rel}","templated":true}]}}