{"id":12128,"date":"2025-12-16T18:15:37","date_gmt":"2025-12-16T16:15:37","guid":{"rendered":"https:\/\/ursus.ee\/toode\/mikrofiiberlapp-lightglide-2\/"},"modified":"2026-03-27T15:40:39","modified_gmt":"2026-03-27T13:40:39","slug":"mikrofiiberlapp-lightglide-2","status":"publish","type":"product","link":"https:\/\/ursus.ee\/en\/toode\/mikrofiiberlapp-lightglide-2\/","title":{"rendered":"Mikrofiiberlapp Light&#038;Glide"},"content":{"rendered":"<p>VORTEX mikrokiudlapp Light&amp;Glide on loodud pindade vaevatuks puhastamiseks ja l\u00e4ikima panemiseks. M\u00f5\u00f5tmetega 40 x 40 mm ja tihedusega 200 g\/m\u00b2 pakub see kahepoolne mikrokiudlapp mitmek\u00fclgsust ja t\u00f5husust.<br \/>\n\u00dchel k\u00fcljel on triibuline tekstuur, mis sobib ideaalselt tolmu eemaldamiseks, samas kui teisel k\u00fcljel on libisev tekstuur, mis sobib ideaalselt poleerimiseks ja s\u00e4rava viimistluse saavutamiseks. Lisaks on lapil antistaatilised omadused, mis tagavad pindade pikemaks ajaks tolmuvaba p\u00fcsimise.<br \/>\nKogege puhastamise lihtsust ja t\u00f5husust VORTEX mikrokiudlapiga Light&amp;Glide, mis muudab majapidamist\u00f6\u00f6d imelihtsaks ja j\u00e4tab pinnad professionaalselt s\u00e4rama.&#8221;<\/p>\n","protected":false},"excerpt":{"rendered":"<p>VORTEX mikrokiudlapp Light&amp;Glide on loodud pindade vaevatuks puhastamiseks ja l\u00e4ikima panemiseks. M\u00f5\u00f5tmetega 40 x 40 mm ja tihedusega 200 g\/m\u00b2 pakub see kahepoolne mikrokiudlapp mitmek\u00fclgsust ja t\u00f5husust. \u00dchel k\u00fcljel on triibuline tekstuur, mis sobib ideaalselt tolmu eemaldamiseks, samas kui teisel k\u00fcljel on libisev tekstuur, mis sobib ideaalselt poleerimiseks ja s\u00e4rava viimistluse saavutamiseks. Lisaks on lapil<\/p>\n","protected":false},"featured_media":13876,"comment_status":"closed","ping_status":"closed","template":"","meta":{"_acf_changed":false},"product_brand":[447],"product_cat":[409,515],"product_tag":[],"class_list":{"0":"post-12128","1":"product","2":"type-product","3":"status-publish","4":"has-post-thumbnail","6":"product_brand-vortex","7":"product_cat-koristustarvikud","8":"product_cat-svammid-lapid-ja-kuurimisvahendid","9":"pa_kogus-1-tk","10":"pa_paritolumaa-ukraina","11":"pa_uhik-tk","13":"first","14":"instock","15":"purchasable","16":"product-type-simple"},"acf":[],"_links":{"self":[{"href":"https:\/\/ursus.ee\/en\/wp-json\/wp\/v2\/product\/12128","targetHints":{"allow":["GET"]}}],"collection":[{"href":"https:\/\/ursus.ee\/en\/wp-json\/wp\/v2\/product"}],"about":[{"href":"https:\/\/ursus.ee\/en\/wp-json\/wp\/v2\/types\/product"}],"replies":[{"embeddable":true,"href":"https:\/\/ursus.ee\/en\/wp-json\/wp\/v2\/comments?post=12128"}],"wp:featuredmedia":[{"embeddable":true,"href":"https:\/\/ursus.ee\/en\/wp-json\/wp\/v2\/media\/13876"}],"wp:attachment":[{"href":"https:\/\/ursus.ee\/en\/wp-json\/wp\/v2\/media?parent=12128"}],"wp:term":[{"taxonomy":"product_brand","embeddable":true,"href":"https:\/\/ursus.ee\/en\/wp-json\/wp\/v2\/product_brand?post=12128"},{"taxonomy":"product_cat","embeddable":true,"href":"https:\/\/ursus.ee\/en\/wp-json\/wp\/v2\/product_cat?post=12128"},{"taxonomy":"product_tag","embeddable":true,"href":"https:\/\/ursus.ee\/en\/wp-json\/wp\/v2\/product_tag?post=12128"}],"curies":[{"name":"wp","href":"https:\/\/api.w.org\/{rel}","templated":true}]}}