{"id":12127,"date":"2025-12-16T18:15:37","date_gmt":"2025-12-16T16:15:37","guid":{"rendered":"https:\/\/ursus.ee\/toode\/akna-ja-klaasipesulapp-mikrofiiber-35x35cm-2\/"},"modified":"2026-03-27T15:40:39","modified_gmt":"2026-03-27T13:40:39","slug":"akna-ja-klaasipesulapp-mikrofiiber-35x35cm-2","status":"publish","type":"product","link":"https:\/\/ursus.ee\/en\/toode\/akna-ja-klaasipesulapp-mikrofiiber-35x35cm-2\/","title":{"rendered":"Akna- ja klaasipesulapp mikrofiiber 35x35cm"},"content":{"rendered":"<p>Mikrokiudlapp klaasile ja peeglitele, mis pakub h\u00f5lpsalt triipudevaba l\u00e4iget ja tulemust. Kvaliteetne lapp suurus\u00a0 35 \u00d7 35 mm, tihedusega 340 g\/m\u00b2 . Unikaalse MPU-kattega v\u00f5imaldab lapp suurep\u00e4rast poleerimist, j\u00e4ttes pinnad l\u00e4ikivaks ning triipude ja plekkideta. Selle kiire vedeliku imamisv\u00f5ime tagab t\u00f5husa puhastamise, muutes selle ideaalseks lekete kiireks k\u00f5rvaldamiseks ning klaasi ja peeglite puutumatu viimistluse saavutamiseks.<\/p>\n","protected":false},"excerpt":{"rendered":"<p>Mikrokiudlapp klaasile ja peeglitele, mis pakub h\u00f5lpsalt triipudevaba l\u00e4iget ja tulemust. Kvaliteetne lapp suurus\u00a0 35 \u00d7 35 mm, tihedusega 340 g\/m\u00b2 . Unikaalse MPU-kattega v\u00f5imaldab lapp suurep\u00e4rast poleerimist, j\u00e4ttes pinnad l\u00e4ikivaks ning triipude ja plekkideta. Selle kiire vedeliku imamisv\u00f5ime tagab t\u00f5husa puhastamise, muutes selle ideaalseks lekete kiireks k\u00f5rvaldamiseks ning klaasi ja peeglite puutumatu viimistluse saavutamiseks.<\/p>\n","protected":false},"featured_media":13872,"comment_status":"closed","ping_status":"closed","template":"","meta":{"_acf_changed":false},"product_brand":[447],"product_cat":[409,515],"product_tag":[],"class_list":{"0":"post-12127","1":"product","2":"type-product","3":"status-publish","4":"has-post-thumbnail","6":"product_brand-vortex","7":"product_cat-koristustarvikud","8":"product_cat-svammid-lapid-ja-kuurimisvahendid","9":"pa_kogus-1-tk","10":"pa_koostis-poluester-poluamiid","11":"pa_paritolumaa-ukraina","12":"pa_uhik-tk","14":"first","15":"instock","16":"purchasable","17":"product-type-simple"},"acf":[],"_links":{"self":[{"href":"https:\/\/ursus.ee\/en\/wp-json\/wp\/v2\/product\/12127","targetHints":{"allow":["GET"]}}],"collection":[{"href":"https:\/\/ursus.ee\/en\/wp-json\/wp\/v2\/product"}],"about":[{"href":"https:\/\/ursus.ee\/en\/wp-json\/wp\/v2\/types\/product"}],"replies":[{"embeddable":true,"href":"https:\/\/ursus.ee\/en\/wp-json\/wp\/v2\/comments?post=12127"}],"wp:featuredmedia":[{"embeddable":true,"href":"https:\/\/ursus.ee\/en\/wp-json\/wp\/v2\/media\/13872"}],"wp:attachment":[{"href":"https:\/\/ursus.ee\/en\/wp-json\/wp\/v2\/media?parent=12127"}],"wp:term":[{"taxonomy":"product_brand","embeddable":true,"href":"https:\/\/ursus.ee\/en\/wp-json\/wp\/v2\/product_brand?post=12127"},{"taxonomy":"product_cat","embeddable":true,"href":"https:\/\/ursus.ee\/en\/wp-json\/wp\/v2\/product_cat?post=12127"},{"taxonomy":"product_tag","embeddable":true,"href":"https:\/\/ursus.ee\/en\/wp-json\/wp\/v2\/product_tag?post=12127"}],"curies":[{"name":"wp","href":"https:\/\/api.w.org\/{rel}","templated":true}]}}