{"id":12126,"date":"2025-12-16T18:15:37","date_gmt":"2025-12-16T16:15:37","guid":{"rendered":"https:\/\/ursus.ee\/toode\/mikrofiiber-ratik-lapp-must-30x50cm-2\/"},"modified":"2026-03-27T15:40:39","modified_gmt":"2026-03-27T13:40:39","slug":"mikrofiiber-ratik-lapp-must-30x50cm-2","status":"publish","type":"product","link":"https:\/\/ursus.ee\/en\/toode\/mikrofiiber-ratik-lapp-must-30x50cm-2\/","title":{"rendered":"Mikrofiiber r\u00e4tik-lapp must 30x50cm"},"content":{"rendered":"<p>R\u00e4tik sobib erinevate pindade puhastamiseks. M\u00f5\u00f5tudega 30*50 mm ja tihedusega 270 g\/m\u00b2 pakub see lappi mitmek\u00fclgsust ja t\u00f5husust. Oma poolr\u00e4tikukujulise disainiga sobib see ideaalselt t\u00f6\u00f6pindade, seadmete ja muude pindade p\u00fchkimiseks. Skandinaaviap\u00e4rane must v\u00e4rv m\u00f5jub rafineeritumalt.<\/p>\n","protected":false},"excerpt":{"rendered":"<p>R\u00e4tik sobib erinevate pindade puhastamiseks. M\u00f5\u00f5tudega 30*50 mm ja tihedusega 270 g\/m\u00b2 pakub see lappi mitmek\u00fclgsust ja t\u00f5husust. Oma poolr\u00e4tikukujulise disainiga sobib see ideaalselt t\u00f6\u00f6pindade, seadmete ja muude pindade p\u00fchkimiseks. Skandinaaviap\u00e4rane must v\u00e4rv m\u00f5jub rafineeritumalt.<\/p>\n","protected":false},"featured_media":13870,"comment_status":"closed","ping_status":"closed","template":"","meta":{"_acf_changed":false},"product_brand":[447],"product_cat":[409,515],"product_tag":[],"class_list":{"0":"post-12126","1":"product","2":"type-product","3":"status-publish","4":"has-post-thumbnail","6":"product_brand-vortex","7":"product_cat-koristustarvikud","8":"product_cat-svammid-lapid-ja-kuurimisvahendid","9":"pa_kogus-1-tk","10":"pa_koostis-poluester-poluamiid","11":"pa_paritolumaa-ukraina","12":"pa_uhik-tk","14":"first","15":"instock","16":"purchasable","17":"product-type-simple"},"acf":[],"_links":{"self":[{"href":"https:\/\/ursus.ee\/en\/wp-json\/wp\/v2\/product\/12126","targetHints":{"allow":["GET"]}}],"collection":[{"href":"https:\/\/ursus.ee\/en\/wp-json\/wp\/v2\/product"}],"about":[{"href":"https:\/\/ursus.ee\/en\/wp-json\/wp\/v2\/types\/product"}],"replies":[{"embeddable":true,"href":"https:\/\/ursus.ee\/en\/wp-json\/wp\/v2\/comments?post=12126"}],"wp:featuredmedia":[{"embeddable":true,"href":"https:\/\/ursus.ee\/en\/wp-json\/wp\/v2\/media\/13870"}],"wp:attachment":[{"href":"https:\/\/ursus.ee\/en\/wp-json\/wp\/v2\/media?parent=12126"}],"wp:term":[{"taxonomy":"product_brand","embeddable":true,"href":"https:\/\/ursus.ee\/en\/wp-json\/wp\/v2\/product_brand?post=12126"},{"taxonomy":"product_cat","embeddable":true,"href":"https:\/\/ursus.ee\/en\/wp-json\/wp\/v2\/product_cat?post=12126"},{"taxonomy":"product_tag","embeddable":true,"href":"https:\/\/ursus.ee\/en\/wp-json\/wp\/v2\/product_tag?post=12126"}],"curies":[{"name":"wp","href":"https:\/\/api.w.org\/{rel}","templated":true}]}}