{"id":12125,"date":"2025-12-16T18:15:37","date_gmt":"2025-12-16T16:15:37","guid":{"rendered":"https:\/\/ursus.ee\/toode\/kuivpuhastuslapid-2\/"},"modified":"2026-03-27T15:40:39","modified_gmt":"2026-03-27T13:40:39","slug":"kuivpuhastuslapid-2","status":"publish","type":"product","link":"https:\/\/ursus.ee\/en\/toode\/kuivpuhastuslapid-2\/","title":{"rendered":"Kuivpuhastuslapid"},"content":{"rendered":"<p>Kuivpuhastuslapid igap\u00e4evaseks tolmuvabaks p\u00f5randate puhastamiseks. T\u00f6\u00f6tab staatilise elektri abil \u2013 meelitab ligi tolmu, juukseid ja lemmikloomade karvu. Ideaalne igap\u00e4evaseks hoolduseks s\u00fcgavpuhastuste vahel. \u00dchildub enamiku turul olevate lamedate moppidega<br \/>\nPehme, kriimustamata tekstuur \u2013 ohutu igat t\u00fc\u00fcpi p\u00f5randatele.<\/p>\n","protected":false},"excerpt":{"rendered":"<p>Kuivpuhastuslapid igap\u00e4evaseks tolmuvabaks p\u00f5randate puhastamiseks. T\u00f6\u00f6tab staatilise elektri abil \u2013 meelitab ligi tolmu, juukseid ja lemmikloomade karvu. Ideaalne igap\u00e4evaseks hoolduseks s\u00fcgavpuhastuste vahel. \u00dchildub enamiku turul olevate lamedate moppidega Pehme, kriimustamata tekstuur \u2013 ohutu igat t\u00fc\u00fcpi p\u00f5randatele.<\/p>\n","protected":false},"featured_media":13868,"comment_status":"closed","ping_status":"closed","template":"","meta":{"_acf_changed":false},"product_brand":[447],"product_cat":[409,453],"product_tag":[],"class_list":{"0":"post-12125","1":"product","2":"type-product","3":"status-publish","4":"has-post-thumbnail","6":"product_brand-vortex","7":"product_cat-koristustarvikud","8":"product_cat-porandapuhastus","9":"pa_kogus-10-tk","10":"pa_paritolumaa-hiina","11":"pa_uhik-tk","13":"first","14":"instock","15":"purchasable","16":"product-type-simple"},"acf":[],"_links":{"self":[{"href":"https:\/\/ursus.ee\/en\/wp-json\/wp\/v2\/product\/12125","targetHints":{"allow":["GET"]}}],"collection":[{"href":"https:\/\/ursus.ee\/en\/wp-json\/wp\/v2\/product"}],"about":[{"href":"https:\/\/ursus.ee\/en\/wp-json\/wp\/v2\/types\/product"}],"replies":[{"embeddable":true,"href":"https:\/\/ursus.ee\/en\/wp-json\/wp\/v2\/comments?post=12125"}],"wp:featuredmedia":[{"embeddable":true,"href":"https:\/\/ursus.ee\/en\/wp-json\/wp\/v2\/media\/13868"}],"wp:attachment":[{"href":"https:\/\/ursus.ee\/en\/wp-json\/wp\/v2\/media?parent=12125"}],"wp:term":[{"taxonomy":"product_brand","embeddable":true,"href":"https:\/\/ursus.ee\/en\/wp-json\/wp\/v2\/product_brand?post=12125"},{"taxonomy":"product_cat","embeddable":true,"href":"https:\/\/ursus.ee\/en\/wp-json\/wp\/v2\/product_cat?post=12125"},{"taxonomy":"product_tag","embeddable":true,"href":"https:\/\/ursus.ee\/en\/wp-json\/wp\/v2\/product_tag?post=12125"}],"curies":[{"name":"wp","href":"https:\/\/api.w.org\/{rel}","templated":true}]}}