{"id":12124,"date":"2025-12-16T18:15:37","date_gmt":"2025-12-16T16:15:37","guid":{"rendered":"https:\/\/ursus.ee\/toode\/kuivpuhastusmopp-5-puhastuslappi-2\/"},"modified":"2026-03-27T15:40:39","modified_gmt":"2026-03-27T13:40:39","slug":"kuivpuhastusmopp-5-puhastuslappi-2","status":"publish","type":"product","link":"https:\/\/ursus.ee\/en\/toode\/kuivpuhastusmopp-5-puhastuslappi-2\/","title":{"rendered":"Kuivpuhastusmopp + 5 puhastuslappi"},"content":{"rendered":"<p>T\u00e4iuslik stardikomplekt: ergonoomiline mopp + kuivpuhastuslapid. Loodud t\u00e4nap\u00e4evaseks eluks \u2013\u00a0 kompaktne, kergesti kokkupandav ja mugav hoiustada. Nutikas lahendus v\u00e4ikestele korteritele ja majapidamistele ning igap\u00e4evaste rutiinide kiireks lahenduseks ilma t\u00fclikate lisadeta. T\u00e4iuslikult \u00fchilduv VORTEX m\u00e4rgpuhastuslappidega m\u00e4rgpuhastuseks. Kaasas kuivpuhastuslapid igap\u00e4evaseks tolmuvabaks p\u00f5randate puhastamiseks. T\u00f6\u00f6tab staatilise elektri abil \u2013 meelitab ligi tolmu, juukseid ja lemmikloomade karvu<\/p>\n","protected":false},"excerpt":{"rendered":"<p>T\u00e4iuslik stardikomplekt: ergonoomiline mopp + kuivpuhastuslapid. Loodud t\u00e4nap\u00e4evaseks eluks \u2013\u00a0 kompaktne, kergesti kokkupandav ja mugav hoiustada. Nutikas lahendus v\u00e4ikestele korteritele ja majapidamistele ning igap\u00e4evaste rutiinide kiireks lahenduseks ilma t\u00fclikate lisadeta. T\u00e4iuslikult \u00fchilduv VORTEX m\u00e4rgpuhastuslappidega m\u00e4rgpuhastuseks. Kaasas kuivpuhastuslapid igap\u00e4evaseks tolmuvabaks p\u00f5randate puhastamiseks. T\u00f6\u00f6tab staatilise elektri abil \u2013 meelitab ligi tolmu, juukseid ja lemmikloomade karvu<\/p>\n","protected":false},"featured_media":13866,"comment_status":"closed","ping_status":"closed","template":"","meta":{"_acf_changed":false},"product_brand":[447],"product_cat":[409,453],"product_tag":[],"class_list":{"0":"post-12124","1":"product","2":"type-product","3":"status-publish","4":"has-post-thumbnail","6":"product_brand-vortex","7":"product_cat-koristustarvikud","8":"product_cat-porandapuhastus","9":"pa_kogus-1-kompl","10":"pa_paritolumaa-hiina","11":"pa_uhik-kompl","13":"first","14":"instock","15":"purchasable","16":"product-type-simple"},"acf":[],"_links":{"self":[{"href":"https:\/\/ursus.ee\/en\/wp-json\/wp\/v2\/product\/12124","targetHints":{"allow":["GET"]}}],"collection":[{"href":"https:\/\/ursus.ee\/en\/wp-json\/wp\/v2\/product"}],"about":[{"href":"https:\/\/ursus.ee\/en\/wp-json\/wp\/v2\/types\/product"}],"replies":[{"embeddable":true,"href":"https:\/\/ursus.ee\/en\/wp-json\/wp\/v2\/comments?post=12124"}],"wp:featuredmedia":[{"embeddable":true,"href":"https:\/\/ursus.ee\/en\/wp-json\/wp\/v2\/media\/13866"}],"wp:attachment":[{"href":"https:\/\/ursus.ee\/en\/wp-json\/wp\/v2\/media?parent=12124"}],"wp:term":[{"taxonomy":"product_brand","embeddable":true,"href":"https:\/\/ursus.ee\/en\/wp-json\/wp\/v2\/product_brand?post=12124"},{"taxonomy":"product_cat","embeddable":true,"href":"https:\/\/ursus.ee\/en\/wp-json\/wp\/v2\/product_cat?post=12124"},{"taxonomy":"product_tag","embeddable":true,"href":"https:\/\/ursus.ee\/en\/wp-json\/wp\/v2\/product_tag?post=12124"}],"curies":[{"name":"wp","href":"https:\/\/api.w.org\/{rel}","templated":true}]}}