{"id":12122,"date":"2025-12-16T18:15:37","date_gmt":"2025-12-16T16:15:37","guid":{"rendered":"https:\/\/ursus.ee\/toode\/niisked-porandalapid-citrus-breeze-15tk-2\/"},"modified":"2026-03-27T15:40:39","modified_gmt":"2026-03-27T13:40:39","slug":"niisked-porandalapid-citrus-breeze-15tk-2","status":"publish","type":"product","link":"https:\/\/ursus.ee\/en\/toode\/niisked-porandalapid-citrus-breeze-15tk-2\/","title":{"rendered":"Niisked p\u00f5randalapid Citrus Breeze 15tk"},"content":{"rendered":"<p>\u00dchekordne niiske puhastuslapp p\u00f5randale. S\u00e4\u00e4stab k\u00e4si musta vette asetamisest ja s\u00e4\u00e4stab aega ning vaeva. Tugevdatud suure tugevusega suurusega 26x22cm lapp on vastupidav.<br \/>\nLihtsalt aseta niiske puhastuslapp mopi k\u00fclge (\u00fchildub nii Leifheiti kui Swifferi moppidega ja teistega, millel on avad lapi kinnitamiseks). Lapid aitavad puhastada p\u00f5randat kiiresti ja efektselt ja j\u00e4tavad maha v\u00e4rske l\u00f5hna. Laste ja lemmikloomadele ohutu toode. Sobib kasutamiseks nii keraamilisele-, vin\u00fc\u00fcl-, laminaat-, linoleum- ja t\u00f6\u00f6deldud puitp\u00f5randale.<br \/>\nLapi tekstuur on spetsiaalse mustuse kogumise v\u00f5imega<\/p>\n","protected":false},"excerpt":{"rendered":"<p>\u00dchekordne niiske puhastuslapp p\u00f5randale. S\u00e4\u00e4stab k\u00e4si musta vette asetamisest ja s\u00e4\u00e4stab aega ning vaeva. Tugevdatud suure tugevusega suurusega 26x22cm lapp on vastupidav. Lihtsalt aseta niiske puhastuslapp mopi k\u00fclge (\u00fchildub nii Leifheiti kui Swifferi moppidega ja teistega, millel on avad lapi kinnitamiseks). Lapid aitavad puhastada p\u00f5randat kiiresti ja efektselt ja j\u00e4tavad maha v\u00e4rske l\u00f5hna. Laste ja<\/p>\n","protected":false},"featured_media":13862,"comment_status":"closed","ping_status":"closed","template":"","meta":{"_acf_changed":false},"product_brand":[447],"product_cat":[515,116],"product_tag":[],"class_list":{"0":"post-12122","1":"product","2":"type-product","3":"status-publish","4":"has-post-thumbnail","6":"product_brand-vortex","7":"product_cat-svammid-lapid-ja-kuurimisvahendid","8":"product_cat-puhastusvahendid","9":"pa_kogus-15-tk","10":"pa_koostis-lausriie","11":"pa_paritolumaa-ukraina","12":"pa_uhik-tk","14":"first","15":"instock","16":"purchasable","17":"product-type-simple"},"acf":[],"_links":{"self":[{"href":"https:\/\/ursus.ee\/en\/wp-json\/wp\/v2\/product\/12122","targetHints":{"allow":["GET"]}}],"collection":[{"href":"https:\/\/ursus.ee\/en\/wp-json\/wp\/v2\/product"}],"about":[{"href":"https:\/\/ursus.ee\/en\/wp-json\/wp\/v2\/types\/product"}],"replies":[{"embeddable":true,"href":"https:\/\/ursus.ee\/en\/wp-json\/wp\/v2\/comments?post=12122"}],"wp:featuredmedia":[{"embeddable":true,"href":"https:\/\/ursus.ee\/en\/wp-json\/wp\/v2\/media\/13862"}],"wp:attachment":[{"href":"https:\/\/ursus.ee\/en\/wp-json\/wp\/v2\/media?parent=12122"}],"wp:term":[{"taxonomy":"product_brand","embeddable":true,"href":"https:\/\/ursus.ee\/en\/wp-json\/wp\/v2\/product_brand?post=12122"},{"taxonomy":"product_cat","embeddable":true,"href":"https:\/\/ursus.ee\/en\/wp-json\/wp\/v2\/product_cat?post=12122"},{"taxonomy":"product_tag","embeddable":true,"href":"https:\/\/ursus.ee\/en\/wp-json\/wp\/v2\/product_tag?post=12122"}],"curies":[{"name":"wp","href":"https:\/\/api.w.org\/{rel}","templated":true}]}}