{"id":12121,"date":"2025-12-16T18:15:37","date_gmt":"2025-12-16T16:15:37","guid":{"rendered":"https:\/\/ursus.ee\/toode\/niisked-puhastuslapid-klaas-ja-peegelpindadele-suletav-pakend-2\/"},"modified":"2026-03-27T15:40:39","modified_gmt":"2026-03-27T13:40:39","slug":"niisked-puhastuslapid-klaas-ja-peegelpindadele-suletav-pakend-2","status":"publish","type":"product","link":"https:\/\/ursus.ee\/en\/toode\/niisked-puhastuslapid-klaas-ja-peegelpindadele-suletav-pakend-2\/","title":{"rendered":"Niisked puhastuslapid klaas- ja peegelpindadele, suletav pakend"},"content":{"rendered":"<p>Mugav sulguriga pakend lihtsustab pakendi avamist ja sulgemist. Ideaalne kiireks ja t\u00f5husaks koristust\u00f6\u00f6deks majapidamises. Spetsiaalselt loodud erinevate klaaspindade ja peeglite puhastamiseks, j\u00e4ttes need triipudevabaks ja s\u00e4ravaks. Sisaldab v\u00e4hesel m\u00e4\u00e4ral alkoholi.<\/p>\n","protected":false},"excerpt":{"rendered":"<p>Mugav sulguriga pakend lihtsustab pakendi avamist ja sulgemist. Ideaalne kiireks ja t\u00f5husaks koristust\u00f6\u00f6deks majapidamises. Spetsiaalselt loodud erinevate klaaspindade ja peeglite puhastamiseks, j\u00e4ttes need triipudevabaks ja s\u00e4ravaks. Sisaldab v\u00e4hesel m\u00e4\u00e4ral alkoholi.<\/p>\n","protected":false},"featured_media":13860,"comment_status":"closed","ping_status":"closed","template":"","meta":{"_acf_changed":false},"product_brand":[447],"product_cat":[515,116],"product_tag":[],"class_list":{"0":"post-12121","1":"product","2":"type-product","3":"status-publish","4":"has-post-thumbnail","6":"product_brand-vortex","7":"product_cat-svammid-lapid-ja-kuurimisvahendid","8":"product_cat-puhastusvahendid","9":"pa_kogus-48-tk","10":"pa_koostis-mittekootud-kangas","11":"pa_paritolumaa-ukraina","12":"pa_uhik-tk","14":"first","15":"instock","16":"purchasable","17":"product-type-simple"},"acf":[],"_links":{"self":[{"href":"https:\/\/ursus.ee\/en\/wp-json\/wp\/v2\/product\/12121","targetHints":{"allow":["GET"]}}],"collection":[{"href":"https:\/\/ursus.ee\/en\/wp-json\/wp\/v2\/product"}],"about":[{"href":"https:\/\/ursus.ee\/en\/wp-json\/wp\/v2\/types\/product"}],"replies":[{"embeddable":true,"href":"https:\/\/ursus.ee\/en\/wp-json\/wp\/v2\/comments?post=12121"}],"wp:featuredmedia":[{"embeddable":true,"href":"https:\/\/ursus.ee\/en\/wp-json\/wp\/v2\/media\/13860"}],"wp:attachment":[{"href":"https:\/\/ursus.ee\/en\/wp-json\/wp\/v2\/media?parent=12121"}],"wp:term":[{"taxonomy":"product_brand","embeddable":true,"href":"https:\/\/ursus.ee\/en\/wp-json\/wp\/v2\/product_brand?post=12121"},{"taxonomy":"product_cat","embeddable":true,"href":"https:\/\/ursus.ee\/en\/wp-json\/wp\/v2\/product_cat?post=12121"},{"taxonomy":"product_tag","embeddable":true,"href":"https:\/\/ursus.ee\/en\/wp-json\/wp\/v2\/product_tag?post=12121"}],"curies":[{"name":"wp","href":"https:\/\/api.w.org\/{rel}","templated":true}]}}