{"id":12118,"date":"2025-12-16T18:15:37","date_gmt":"2025-12-16T16:15:37","guid":{"rendered":"https:\/\/ursus.ee\/toode\/niisked-puhastuslapid-koogile-suletav-pakend-2\/"},"modified":"2026-03-27T15:40:38","modified_gmt":"2026-03-27T13:40:38","slug":"niisked-puhastuslapid-koogile-suletav-pakend-2","status":"publish","type":"product","link":"https:\/\/ursus.ee\/en\/toode\/niisked-puhastuslapid-koogile-suletav-pakend-2\/","title":{"rendered":"Niisked puhastuslapid k\u00f6\u00f6gile, suletav pakend"},"content":{"rendered":"<p>Mugav sulguriga pakend lihtsustab pakendi avamist ja sulgemist. Ideaalne kiireks ja t\u00f5husaks koristust\u00f6\u00f6deks majapidamises. T\u00e4nu salvr\u00e4tikute toimeainetele tagavad need puhtuse, eemaldavad plekid, annavad v\u00e4rske l\u00f5hna ja l\u00e4ike ning annavad antibakteriaalse toime. Ei sisalda alkoholi.<\/p>\n","protected":false},"excerpt":{"rendered":"<p>Mugav sulguriga pakend lihtsustab pakendi avamist ja sulgemist. Ideaalne kiireks ja t\u00f5husaks koristust\u00f6\u00f6deks majapidamises. T\u00e4nu salvr\u00e4tikute toimeainetele tagavad need puhtuse, eemaldavad plekid, annavad v\u00e4rske l\u00f5hna ja l\u00e4ike ning annavad antibakteriaalse toime. Ei sisalda alkoholi.<\/p>\n","protected":false},"featured_media":13853,"comment_status":"closed","ping_status":"closed","template":"","meta":{"_acf_changed":false},"product_brand":[447],"product_cat":[515,116],"product_tag":[],"class_list":{"0":"post-12118","1":"product","2":"type-product","3":"status-publish","4":"has-post-thumbnail","6":"product_brand-vortex","7":"product_cat-svammid-lapid-ja-kuurimisvahendid","8":"product_cat-puhastusvahendid","9":"pa_kogus-48-tk","10":"pa_paritolumaa-ukraina","11":"pa_uhik-tk","13":"first","14":"instock","15":"purchasable","16":"product-type-simple"},"acf":[],"_links":{"self":[{"href":"https:\/\/ursus.ee\/en\/wp-json\/wp\/v2\/product\/12118","targetHints":{"allow":["GET"]}}],"collection":[{"href":"https:\/\/ursus.ee\/en\/wp-json\/wp\/v2\/product"}],"about":[{"href":"https:\/\/ursus.ee\/en\/wp-json\/wp\/v2\/types\/product"}],"replies":[{"embeddable":true,"href":"https:\/\/ursus.ee\/en\/wp-json\/wp\/v2\/comments?post=12118"}],"wp:featuredmedia":[{"embeddable":true,"href":"https:\/\/ursus.ee\/en\/wp-json\/wp\/v2\/media\/13853"}],"wp:attachment":[{"href":"https:\/\/ursus.ee\/en\/wp-json\/wp\/v2\/media?parent=12118"}],"wp:term":[{"taxonomy":"product_brand","embeddable":true,"href":"https:\/\/ursus.ee\/en\/wp-json\/wp\/v2\/product_brand?post=12118"},{"taxonomy":"product_cat","embeddable":true,"href":"https:\/\/ursus.ee\/en\/wp-json\/wp\/v2\/product_cat?post=12118"},{"taxonomy":"product_tag","embeddable":true,"href":"https:\/\/ursus.ee\/en\/wp-json\/wp\/v2\/product_tag?post=12118"}],"curies":[{"name":"wp","href":"https:\/\/api.w.org\/{rel}","templated":true}]}}