{"id":12117,"date":"2025-12-16T18:15:37","date_gmt":"2025-12-16T16:15:37","guid":{"rendered":"https:\/\/ursus.ee\/toode\/prugikotid-nooridega-lohnastatud-lavendel-60l-ld-2\/"},"modified":"2026-03-27T15:40:39","modified_gmt":"2026-03-27T13:40:39","slug":"prugikotid-nooridega-lohnastatud-lavendel-60l-ld-2","status":"publish","type":"product","link":"https:\/\/ursus.ee\/en\/toode\/prugikotid-nooridega-lohnastatud-lavendel-60l-ld-2\/","title":{"rendered":"Pr\u00fcgikotid n\u00f6\u00f6ridega l\u00f5hnastatud Lavendel 60L LD"},"content":{"rendered":"<p>Rahustava lavendli l\u00f5hnaga n\u00f6\u00f6ridega seotavad pr\u00fcgikotid. S\u00e4rava lilla v\u00e4rvitooniga kotid on tugevad ja vastupidavad. Koti suurusus 60x70cm, paksus 15 mikronit. Rullis 10tk.<\/p>\n","protected":false},"excerpt":{"rendered":"<p>Rahustava lavendli l\u00f5hnaga n\u00f6\u00f6ridega seotavad pr\u00fcgikotid. S\u00e4rava lilla v\u00e4rvitooniga kotid on tugevad ja vastupidavad. Koti suurusus 60x70cm, paksus 15 mikronit. Rullis 10tk.<\/p>\n","protected":false},"featured_media":13851,"comment_status":"closed","ping_status":"closed","template":"","meta":{"_acf_changed":false},"product_brand":[447],"product_cat":[409,448],"product_tag":[],"class_list":{"0":"post-12117","1":"product","2":"type-product","3":"status-publish","4":"has-post-thumbnail","6":"product_brand-vortex","7":"product_cat-koristustarvikud","8":"product_cat-prugikotid","9":"pa_kogus-10-tk","10":"pa_koostis-c-hdpe-2","11":"pa_paritolumaa-ukraina","12":"pa_uhik-tk","14":"first","15":"instock","16":"purchasable","17":"product-type-simple"},"acf":[],"_links":{"self":[{"href":"https:\/\/ursus.ee\/en\/wp-json\/wp\/v2\/product\/12117","targetHints":{"allow":["GET"]}}],"collection":[{"href":"https:\/\/ursus.ee\/en\/wp-json\/wp\/v2\/product"}],"about":[{"href":"https:\/\/ursus.ee\/en\/wp-json\/wp\/v2\/types\/product"}],"replies":[{"embeddable":true,"href":"https:\/\/ursus.ee\/en\/wp-json\/wp\/v2\/comments?post=12117"}],"wp:featuredmedia":[{"embeddable":true,"href":"https:\/\/ursus.ee\/en\/wp-json\/wp\/v2\/media\/13851"}],"wp:attachment":[{"href":"https:\/\/ursus.ee\/en\/wp-json\/wp\/v2\/media?parent=12117"}],"wp:term":[{"taxonomy":"product_brand","embeddable":true,"href":"https:\/\/ursus.ee\/en\/wp-json\/wp\/v2\/product_brand?post=12117"},{"taxonomy":"product_cat","embeddable":true,"href":"https:\/\/ursus.ee\/en\/wp-json\/wp\/v2\/product_cat?post=12117"},{"taxonomy":"product_tag","embeddable":true,"href":"https:\/\/ursus.ee\/en\/wp-json\/wp\/v2\/product_tag?post=12117"}],"curies":[{"name":"wp","href":"https:\/\/api.w.org\/{rel}","templated":true}]}}