{"id":12115,"date":"2025-12-16T18:15:37","date_gmt":"2025-12-16T16:15:37","guid":{"rendered":"https:\/\/ursus.ee\/toode\/suutetikud-55cm-2\/"},"modified":"2026-03-27T15:40:39","modified_gmt":"2026-03-27T13:40:39","slug":"suutetikud-55cm-100tk","status":"publish","type":"product","link":"https:\/\/ursus.ee\/en\/toode\/suutetikud-55cm-100tk\/","title":{"rendered":"S\u00fc\u00fctetikud 5,5cm 100tk"},"content":{"rendered":"<p>Fire-Up kaubam\u00e4rgi s\u00fc\u00fctetikud on k\u00f5ige turvalisemad, t\u00f6\u00f6kindlamad ja k\u00f5ige keskkonnas\u00f5bralikumad maailmas. Tootmisel kasutatakse 90% taastuvaid tooraineid. Tootmisprotsessis kasutatakse Matchtek\u00ae standardit, mis on laiendus olemasolevale Euroopa tuletikkude standardile ja seel\u00e4bi vastavad tikud maailma k\u00f5rgeimatele kvaliteedi- ja ohutusn\u00f5uetele. Standardi pidepunktideks on kvaliteet, ohutus ja keskkond. Tikupulk on valmistatud FSC\u00ae sertifikaadiga Rootsi p\u00e4ritolu haavapuust, mis on parim j\u00e4tkusuutlik materjal tikkude tootmiseks t\u00e4nu oma pikkadele valgetele kiududele. Tikupulga valmistamiseks vajamineva puidu tarnimisel l\u00e4htutakse s\u00e4\u00e4stvast metsamajandusest \u2013 tooraine p\u00e4rineb L\u00f5una-Rootsi metsadest, mis on tehaste l\u00e4heduses. See v\u00f5imaldab v\u00e4hendada keskkonnam\u00f5ju. Tikutoos on valmistatud taaskasutatud papist ning on FSC\u00ae sertifitseeritud. Fire-Up tuletikud on vastupidavad ka niiskes kliimas. Tikupea ei sisalda v\u00e4\u00e4vlit ega raskemetalli. Toodetud Rootsis, tootja: Swedish Match Industries AB.<\/p>\n","protected":false},"excerpt":{"rendered":"<p>Fire-Up kaubam\u00e4rgi s\u00fc\u00fctetikud on k\u00f5ige turvalisemad, t\u00f6\u00f6kindlamad ja k\u00f5ige keskkonnas\u00f5bralikumad maailmas. Tootmisel kasutatakse 90% taastuvaid tooraineid. Tootmisprotsessis kasutatakse Matchtek\u00ae standardit, mis on laiendus olemasolevale Euroopa tuletikkude standardile ja seel\u00e4bi vastavad tikud maailma k\u00f5rgeimatele kvaliteedi- ja ohutusn\u00f5uetele. Standardi pidepunktideks on kvaliteet, ohutus ja keskkond. Tikupulk on valmistatud FSC\u00ae sertifikaadiga Rootsi p\u00e4ritolu haavapuust, mis on parim j\u00e4tkusuutlik<\/p>\n","protected":false},"featured_media":13847,"comment_status":"closed","ping_status":"closed","template":"","meta":{"_acf_changed":false},"product_brand":[436],"product_cat":[512,437],"product_tag":[],"class_list":{"0":"post-12115","1":"product","2":"type-product","3":"status-publish","4":"has-post-thumbnail","6":"product_brand-fire-up","7":"product_cat-majapidamistarbed","8":"product_cat-grillimistarvikud","9":"pa_kogus-100-tk","10":"pa_paritolumaa-rootsi","11":"pa_uhik-tk","13":"first","14":"instock","15":"purchasable","16":"product-type-simple"},"acf":[],"_links":{"self":[{"href":"https:\/\/ursus.ee\/en\/wp-json\/wp\/v2\/product\/12115","targetHints":{"allow":["GET"]}}],"collection":[{"href":"https:\/\/ursus.ee\/en\/wp-json\/wp\/v2\/product"}],"about":[{"href":"https:\/\/ursus.ee\/en\/wp-json\/wp\/v2\/types\/product"}],"replies":[{"embeddable":true,"href":"https:\/\/ursus.ee\/en\/wp-json\/wp\/v2\/comments?post=12115"}],"wp:featuredmedia":[{"embeddable":true,"href":"https:\/\/ursus.ee\/en\/wp-json\/wp\/v2\/media\/13847"}],"wp:attachment":[{"href":"https:\/\/ursus.ee\/en\/wp-json\/wp\/v2\/media?parent=12115"}],"wp:term":[{"taxonomy":"product_brand","embeddable":true,"href":"https:\/\/ursus.ee\/en\/wp-json\/wp\/v2\/product_brand?post=12115"},{"taxonomy":"product_cat","embeddable":true,"href":"https:\/\/ursus.ee\/en\/wp-json\/wp\/v2\/product_cat?post=12115"},{"taxonomy":"product_tag","embeddable":true,"href":"https:\/\/ursus.ee\/en\/wp-json\/wp\/v2\/product_tag?post=12115"}],"curies":[{"name":"wp","href":"https:\/\/api.w.org\/{rel}","templated":true}]}}