{"id":12109,"date":"2025-12-16T18:15:37","date_gmt":"2025-12-16T16:15:37","guid":{"rendered":"https:\/\/ursus.ee\/toode\/suuterullid-woodwool-3\/"},"modified":"2026-03-27T15:40:39","modified_gmt":"2026-03-27T13:40:39","slug":"suuterullid-woodwool-60tk","status":"publish","type":"product","link":"https:\/\/ursus.ee\/en\/toode\/suuterullid-woodwool-60tk\/","title":{"rendered":"S\u00fc\u00fcterullid WoodWool 60tk"},"content":{"rendered":"<p>\u00d6koloogilise koostisega puitvill ehk s\u00fc\u00fcterull on valmistatud FSC sertifitseeritud m\u00e4nni- ja kuusesaepurust ning on immutatud taimse vahaga. \u00d5hukeseks ja peeneks hakitud puit on kohevalt rulli keeratud, mist\u00f5ttu s\u00fcttib see kergemini ja tekitab tuleaseme kiiremini, kui tavaline s\u00fc\u00fctekuubik. P\u00f5lemisaeg 8-10 minutit. 100% looduslik toode grilli, ahju, pliidi, kamina v\u00f5i muu tulekolde ohutuks ja lihtsaks s\u00fc\u00fctamiseks.\u00a0Sobib v\u00e4ga h\u00e4sti ka niiskemate k\u00fcttepuude s\u00fc\u00fctamiseks. Ei sisalda tervisele ohtlikke keemilisi koostisosi. Kasutades grillil, ei m\u00f5juta toidu maitset.<\/p>\n","protected":false},"excerpt":{"rendered":"<p>\u00d6koloogilise koostisega puitvill ehk s\u00fc\u00fcterull on valmistatud FSC sertifitseeritud m\u00e4nni- ja kuusesaepurust ning on immutatud taimse vahaga. \u00d5hukeseks ja peeneks hakitud puit on kohevalt rulli keeratud, mist\u00f5ttu s\u00fcttib see kergemini ja tekitab tuleaseme kiiremini, kui tavaline s\u00fc\u00fctekuubik. P\u00f5lemisaeg 8-10 minutit. 100% looduslik toode grilli, ahju, pliidi, kamina v\u00f5i muu tulekolde ohutuks ja lihtsaks s\u00fc\u00fctamiseks.\u00a0Sobib v\u00e4ga<\/p>\n","protected":false},"featured_media":14342,"comment_status":"closed","ping_status":"closed","template":"","meta":{"_acf_changed":false},"product_brand":[436],"product_cat":[512,437],"product_tag":[],"class_list":{"0":"post-12109","1":"product","2":"type-product","3":"status-publish","4":"has-post-thumbnail","6":"product_brand-fire-up","7":"product_cat-majapidamistarbed","8":"product_cat-grillimistarvikud","9":"pa_kogus-60-tk","10":"pa_paritolumaa-rootsi","11":"pa_uhik-tk","13":"first","14":"instock","15":"purchasable","16":"product-type-simple"},"acf":[],"_links":{"self":[{"href":"https:\/\/ursus.ee\/en\/wp-json\/wp\/v2\/product\/12109","targetHints":{"allow":["GET"]}}],"collection":[{"href":"https:\/\/ursus.ee\/en\/wp-json\/wp\/v2\/product"}],"about":[{"href":"https:\/\/ursus.ee\/en\/wp-json\/wp\/v2\/types\/product"}],"replies":[{"embeddable":true,"href":"https:\/\/ursus.ee\/en\/wp-json\/wp\/v2\/comments?post=12109"}],"wp:featuredmedia":[{"embeddable":true,"href":"https:\/\/ursus.ee\/en\/wp-json\/wp\/v2\/media\/14342"}],"wp:attachment":[{"href":"https:\/\/ursus.ee\/en\/wp-json\/wp\/v2\/media?parent=12109"}],"wp:term":[{"taxonomy":"product_brand","embeddable":true,"href":"https:\/\/ursus.ee\/en\/wp-json\/wp\/v2\/product_brand?post=12109"},{"taxonomy":"product_cat","embeddable":true,"href":"https:\/\/ursus.ee\/en\/wp-json\/wp\/v2\/product_cat?post=12109"},{"taxonomy":"product_tag","embeddable":true,"href":"https:\/\/ursus.ee\/en\/wp-json\/wp\/v2\/product_tag?post=12109"}],"curies":[{"name":"wp","href":"https:\/\/api.w.org\/{rel}","templated":true}]}}