{"id":12107,"date":"2025-12-16T18:12:38","date_gmt":"2025-12-16T16:12:38","guid":{"rendered":"https:\/\/ursus.ee\/toode\/suutekuubikud-8\/"},"modified":"2026-03-27T15:40:38","modified_gmt":"2026-03-27T13:40:38","slug":"suutekuubikud-fire-up-96tk","status":"publish","type":"product","link":"https:\/\/ursus.ee\/en\/toode\/suutekuubikud-fire-up-96tk\/","title":{"rendered":"S\u00fc\u00fctekuubikud Fire-Up 96tk"},"content":{"rendered":"<p>\u00d6koloogilise koostisega s\u00fc\u00fctekuubikud on valmistatud FSC sertifitseeritud m\u00e4nnisaepurust ja immutatud taime\u00f5liga. P\u00f5lemisaeg 7-9 minutit. 100% looduslik toode grilli, ahju, pliidi, kamina v\u00f5i muu tulekolde ohutuks ja lihtsaks s\u00fc\u00fctamiseks.\u00a0Kuubik s\u00fcttib h\u00f5lpsalt murtud servast.\u00a0Ei sisalda tervisele ohtlikke keemilisi koostisosi. Kasutades grillil, ei m\u00f5juta toidu maitset.<\/p>\n","protected":false},"excerpt":{"rendered":"<p>\u00d6koloogilise koostisega s\u00fc\u00fctekuubikud on valmistatud FSC sertifitseeritud m\u00e4nnisaepurust ja immutatud taime\u00f5liga. P\u00f5lemisaeg 7-9 minutit. 100% looduslik toode grilli, ahju, pliidi, kamina v\u00f5i muu tulekolde ohutuks ja lihtsaks s\u00fc\u00fctamiseks.\u00a0Kuubik s\u00fcttib h\u00f5lpsalt murtud servast.\u00a0Ei sisalda tervisele ohtlikke keemilisi koostisosi. Kasutades grillil, ei m\u00f5juta toidu maitset.<\/p>\n","protected":false},"featured_media":13890,"comment_status":"closed","ping_status":"closed","template":"","meta":{"_acf_changed":false},"product_brand":[436],"product_cat":[512,437],"product_tag":[],"class_list":{"0":"post-12107","1":"product","2":"type-product","3":"status-publish","4":"has-post-thumbnail","6":"product_brand-fire-up","7":"product_cat-majapidamistarbed","8":"product_cat-grillimistarvikud","9":"pa_kogus-96-tk","10":"pa_paritolumaa-rootsi","11":"pa_uhik-tk","13":"first","14":"instock","15":"purchasable","16":"product-type-simple"},"acf":[],"_links":{"self":[{"href":"https:\/\/ursus.ee\/en\/wp-json\/wp\/v2\/product\/12107","targetHints":{"allow":["GET"]}}],"collection":[{"href":"https:\/\/ursus.ee\/en\/wp-json\/wp\/v2\/product"}],"about":[{"href":"https:\/\/ursus.ee\/en\/wp-json\/wp\/v2\/types\/product"}],"replies":[{"embeddable":true,"href":"https:\/\/ursus.ee\/en\/wp-json\/wp\/v2\/comments?post=12107"}],"wp:featuredmedia":[{"embeddable":true,"href":"https:\/\/ursus.ee\/en\/wp-json\/wp\/v2\/media\/13890"}],"wp:attachment":[{"href":"https:\/\/ursus.ee\/en\/wp-json\/wp\/v2\/media?parent=12107"}],"wp:term":[{"taxonomy":"product_brand","embeddable":true,"href":"https:\/\/ursus.ee\/en\/wp-json\/wp\/v2\/product_brand?post=12107"},{"taxonomy":"product_cat","embeddable":true,"href":"https:\/\/ursus.ee\/en\/wp-json\/wp\/v2\/product_cat?post=12107"},{"taxonomy":"product_tag","embeddable":true,"href":"https:\/\/ursus.ee\/en\/wp-json\/wp\/v2\/product_tag?post=12107"}],"curies":[{"name":"wp","href":"https:\/\/api.w.org\/{rel}","templated":true}]}}