{"id":12104,"date":"2025-12-16T18:12:38","date_gmt":"2025-12-16T16:12:38","guid":{"rendered":"https:\/\/ursus.ee\/toode\/kuurimishari-nordic-black-edition-esta-2\/"},"modified":"2026-03-27T15:38:54","modified_gmt":"2026-03-27T13:38:54","slug":"kuurimishari-nordic-black-edition-esta-2","status":"publish","type":"product","link":"https:\/\/ursus.ee\/en\/toode\/kuurimishari-nordic-black-edition-esta-2\/","title":{"rendered":"K\u00fc\u00fcrimishari Nordic Black Edition Esta"},"content":{"rendered":"<p>Stiiline silikoonist k\u00e4epidemega k\u00fc\u00fcrimishari igap\u00e4evaseks kasutamiseks. Vastupidavad harjased eemaldavad t\u00f5rksa mustuse lihtsa vaevaga. Sobib kasutamiseks k\u00f6\u00f6gis, vannitoas, kui ka v\u00e4litingimustes. Ergonoomiline kuju ja silikooniga kaetud k\u00e4epide tagavad mugava haarde. K\u00e4epidemel olev riputusaas v\u00f5imaldab harja p\u00e4rast kasutamist mugavalt kuivama riputada.<\/p>\n","protected":false},"excerpt":{"rendered":"<p>Stiiline silikoonist k\u00e4epidemega k\u00fc\u00fcrimishari igap\u00e4evaseks kasutamiseks. Vastupidavad harjased eemaldavad t\u00f5rksa mustuse lihtsa vaevaga. Sobib kasutamiseks k\u00f6\u00f6gis, vannitoas, kui ka v\u00e4litingimustes. Ergonoomiline kuju ja silikooniga kaetud k\u00e4epide tagavad mugava haarde. K\u00e4epidemel olev riputusaas v\u00f5imaldab harja p\u00e4rast kasutamist mugavalt kuivama riputada.<\/p>\n","protected":false},"featured_media":12105,"comment_status":"closed","ping_status":"open","template":"","meta":{"_acf_changed":false},"product_brand":[408],"product_cat":[409,515],"product_tag":[],"class_list":{"0":"post-12104","1":"product","2":"type-product","3":"status-publish","4":"has-post-thumbnail","6":"product_brand-esta","7":"product_cat-koristustarvikud","8":"product_cat-svammid-lapid-ja-kuurimisvahendid","9":"pa_kogus-1-tk","10":"pa_paritolumaa-hiina","11":"pa_uhik-tk","13":"first","14":"instock","15":"purchasable","16":"product-type-simple"},"acf":[],"_links":{"self":[{"href":"https:\/\/ursus.ee\/en\/wp-json\/wp\/v2\/product\/12104","targetHints":{"allow":["GET"]}}],"collection":[{"href":"https:\/\/ursus.ee\/en\/wp-json\/wp\/v2\/product"}],"about":[{"href":"https:\/\/ursus.ee\/en\/wp-json\/wp\/v2\/types\/product"}],"replies":[{"embeddable":true,"href":"https:\/\/ursus.ee\/en\/wp-json\/wp\/v2\/comments?post=12104"}],"wp:featuredmedia":[{"embeddable":true,"href":"https:\/\/ursus.ee\/en\/wp-json\/wp\/v2\/media\/12105"}],"wp:attachment":[{"href":"https:\/\/ursus.ee\/en\/wp-json\/wp\/v2\/media?parent=12104"}],"wp:term":[{"taxonomy":"product_brand","embeddable":true,"href":"https:\/\/ursus.ee\/en\/wp-json\/wp\/v2\/product_brand?post=12104"},{"taxonomy":"product_cat","embeddable":true,"href":"https:\/\/ursus.ee\/en\/wp-json\/wp\/v2\/product_cat?post=12104"},{"taxonomy":"product_tag","embeddable":true,"href":"https:\/\/ursus.ee\/en\/wp-json\/wp\/v2\/product_tag?post=12104"}],"curies":[{"name":"wp","href":"https:\/\/api.w.org\/{rel}","templated":true}]}}