{"id":12102,"date":"2025-12-16T18:12:38","date_gmt":"2025-12-16T16:12:38","guid":{"rendered":"https:\/\/ursus.ee\/toode\/noudepesuhari-nordic-black-edition-esta-2\/"},"modified":"2026-03-27T15:38:54","modified_gmt":"2026-03-27T13:38:54","slug":"noudepesuhari-nordic-black-edition-esta-2","status":"publish","type":"product","link":"https:\/\/ursus.ee\/en\/toode\/noudepesuhari-nordic-black-edition-esta-2\/","title":{"rendered":"N\u00f5udepesuhari Nordic Black Edition Esta"},"content":{"rendered":"<p>Stiiline silikoonist k\u00e4epidemega n\u00f5udepesuhari, mille vastupidavad harjased eemaldavad h\u00f5lpsalt toiduj\u00e4\u00e4gid ning mustuse, kahjustamata puhastatavaid pindu. Harja otsas olev kaabits aitab toime tulla ka k\u00f5ige t\u00f5rksamate plekkidega.<br \/>\nHarja k\u00e4epide on valmistatud libisemiskindlast silikoonist, mis tagab mugava ja kindla haarde ka m\u00e4rgade k\u00e4tega. K\u00e4epidemel olev riputusaas v\u00f5imaldab harja p\u00e4rast kasutamist mugavalt kuivama riputada.<\/p>\n","protected":false},"excerpt":{"rendered":"<p>Stiiline silikoonist k\u00e4epidemega n\u00f5udepesuhari, mille vastupidavad harjased eemaldavad h\u00f5lpsalt toiduj\u00e4\u00e4gid ning mustuse, kahjustamata puhastatavaid pindu. Harja otsas olev kaabits aitab toime tulla ka k\u00f5ige t\u00f5rksamate plekkidega. Harja k\u00e4epide on valmistatud libisemiskindlast silikoonist, mis tagab mugava ja kindla haarde ka m\u00e4rgade k\u00e4tega. K\u00e4epidemel olev riputusaas v\u00f5imaldab harja p\u00e4rast kasutamist mugavalt kuivama riputada.<\/p>\n","protected":false},"featured_media":12103,"comment_status":"closed","ping_status":"open","template":"","meta":{"_acf_changed":false},"product_brand":[408],"product_cat":[409,515],"product_tag":[],"class_list":{"0":"post-12102","1":"product","2":"type-product","3":"status-publish","4":"has-post-thumbnail","6":"product_brand-esta","7":"product_cat-koristustarvikud","8":"product_cat-svammid-lapid-ja-kuurimisvahendid","9":"pa_kogus-1-tk","10":"pa_paritolumaa-hiina","11":"pa_uhik-tk","13":"first","14":"instock","15":"purchasable","16":"product-type-simple"},"acf":[],"_links":{"self":[{"href":"https:\/\/ursus.ee\/en\/wp-json\/wp\/v2\/product\/12102","targetHints":{"allow":["GET"]}}],"collection":[{"href":"https:\/\/ursus.ee\/en\/wp-json\/wp\/v2\/product"}],"about":[{"href":"https:\/\/ursus.ee\/en\/wp-json\/wp\/v2\/types\/product"}],"replies":[{"embeddable":true,"href":"https:\/\/ursus.ee\/en\/wp-json\/wp\/v2\/comments?post=12102"}],"wp:featuredmedia":[{"embeddable":true,"href":"https:\/\/ursus.ee\/en\/wp-json\/wp\/v2\/media\/12103"}],"wp:attachment":[{"href":"https:\/\/ursus.ee\/en\/wp-json\/wp\/v2\/media?parent=12102"}],"wp:term":[{"taxonomy":"product_brand","embeddable":true,"href":"https:\/\/ursus.ee\/en\/wp-json\/wp\/v2\/product_brand?post=12102"},{"taxonomy":"product_cat","embeddable":true,"href":"https:\/\/ursus.ee\/en\/wp-json\/wp\/v2\/product_cat?post=12102"},{"taxonomy":"product_tag","embeddable":true,"href":"https:\/\/ursus.ee\/en\/wp-json\/wp\/v2\/product_tag?post=12102"}],"curies":[{"name":"wp","href":"https:\/\/api.w.org\/{rel}","templated":true}]}}