{"id":12095,"date":"2025-12-16T18:12:38","date_gmt":"2025-12-16T16:12:38","guid":{"rendered":"https:\/\/ursus.ee\/toode\/kosmeetilised-salvratid-fashion-collection-144tk-3-kihiline-2\/"},"modified":"2026-03-27T15:40:38","modified_gmt":"2026-03-27T13:40:38","slug":"kosmeetilised-salvratid-fashion-collection-144tk-3-kihiline-2","status":"publish","type":"product","link":"https:\/\/ursus.ee\/en\/toode\/kosmeetilised-salvratid-fashion-collection-144tk-3-kihiline-2\/","title":{"rendered":"Kosmeetilised salvr\u00e4tid Fashion Collection 144tk 3-kihiline"},"content":{"rendered":"<p>3-kihilised kosmeetilised salvr\u00e4tid stiilses pakendis &#8211; Esmaklassiline ja stiilne v\u00e4rvipalett, mis \u00fchendab t\u00fcrkiissinise v\u00e4rskuse kuldsete elementidega, luues moodsa ja elegantse ilme. Karbis on 144 lehte m\u00f5\u00f5tudega 20x20cm. 3 kihti muudavad salvr\u00e4ti v\u00e4ga vastupidavaks, olles samal ajal \u00fclimalt pehme. Juhtiva dermatoloogilise labori poolt testitud salvr\u00e4tikud. Valmistatud 100% tselluloosist, Ukrainas.<\/p>\n","protected":false},"excerpt":{"rendered":"<p>3-kihilised kosmeetilised salvr\u00e4tid stiilses pakendis &#8211; Esmaklassiline ja stiilne v\u00e4rvipalett, mis \u00fchendab t\u00fcrkiissinise v\u00e4rskuse kuldsete elementidega, luues moodsa ja elegantse ilme. Karbis on 144 lehte m\u00f5\u00f5tudega 20x20cm. 3 kihti muudavad salvr\u00e4ti v\u00e4ga vastupidavaks, olles samal ajal \u00fclimalt pehme. Juhtiva dermatoloogilise labori poolt testitud salvr\u00e4tikud. Valmistatud 100% tselluloosist, Ukrainas.<\/p>\n","protected":false},"featured_media":12096,"comment_status":"closed","ping_status":"open","template":"","meta":{"_acf_changed":false},"product_brand":[422],"product_cat":[512,423],"product_tag":[],"class_list":{"0":"post-12095","1":"product","2":"type-product","3":"status-publish","4":"has-post-thumbnail","6":"product_brand-ruta","7":"product_cat-majapidamistarbed","8":"product_cat-pabertooted","9":"pa_kogus-144-tk","10":"pa_koostis-100-tselluloos","11":"pa_paritolumaa-ukraina","12":"pa_uhik-tk","14":"first","15":"instock","16":"purchasable","17":"product-type-simple"},"acf":[],"_links":{"self":[{"href":"https:\/\/ursus.ee\/en\/wp-json\/wp\/v2\/product\/12095","targetHints":{"allow":["GET"]}}],"collection":[{"href":"https:\/\/ursus.ee\/en\/wp-json\/wp\/v2\/product"}],"about":[{"href":"https:\/\/ursus.ee\/en\/wp-json\/wp\/v2\/types\/product"}],"replies":[{"embeddable":true,"href":"https:\/\/ursus.ee\/en\/wp-json\/wp\/v2\/comments?post=12095"}],"wp:featuredmedia":[{"embeddable":true,"href":"https:\/\/ursus.ee\/en\/wp-json\/wp\/v2\/media\/12096"}],"wp:attachment":[{"href":"https:\/\/ursus.ee\/en\/wp-json\/wp\/v2\/media?parent=12095"}],"wp:term":[{"taxonomy":"product_brand","embeddable":true,"href":"https:\/\/ursus.ee\/en\/wp-json\/wp\/v2\/product_brand?post=12095"},{"taxonomy":"product_cat","embeddable":true,"href":"https:\/\/ursus.ee\/en\/wp-json\/wp\/v2\/product_cat?post=12095"},{"taxonomy":"product_tag","embeddable":true,"href":"https:\/\/ursus.ee\/en\/wp-json\/wp\/v2\/product_tag?post=12095"}],"curies":[{"name":"wp","href":"https:\/\/api.w.org\/{rel}","templated":true}]}}