{"id":12079,"date":"2025-12-16T18:12:38","date_gmt":"2025-12-16T16:12:38","guid":{"rendered":"https:\/\/ursus.ee\/toode\/tualettpaber-dream-touch-4-kihiline-2\/"},"modified":"2026-03-27T15:40:38","modified_gmt":"2026-03-27T13:40:38","slug":"tualettpaber-dream-touch-4-kihiline-2","status":"publish","type":"product","link":"https:\/\/ursus.ee\/en\/toode\/tualettpaber-dream-touch-4-kihiline-2\/","title":{"rendered":"Tualettpaber Dream Touch, 4-kihiline"},"content":{"rendered":"<p>Ruta Dream Touch sarja preemium kvaliteediga 4-kihiline valge tualettpaber on \u00fclimalt pehme ning vastupidav. Tootmisel kasutatakse looduslikke koostisosasid: 60% okaspuu \/ 30% lehtpuu \/ 10% eukal\u00fcpt, mis v\u00f5imaldab saavutada paberi \u00fclima pehmuse ja tugevuse. Rulli \u00fcldpikkus: 18,75m. Rullis on 150 4-kihilist lehte m\u00f5\u00f5tudega 9,6&#215;12,5cm. Toodetud Ukrainas.<\/p>\n","protected":false},"excerpt":{"rendered":"<p>Ruta Dream Touch sarja preemium kvaliteediga 4-kihiline valge tualettpaber on \u00fclimalt pehme ning vastupidav. Tootmisel kasutatakse looduslikke koostisosasid: 60% okaspuu \/ 30% lehtpuu \/ 10% eukal\u00fcpt, mis v\u00f5imaldab saavutada paberi \u00fclima pehmuse ja tugevuse. Rulli \u00fcldpikkus: 18,75m. Rullis on 150 4-kihilist lehte m\u00f5\u00f5tudega 9,6&#215;12,5cm. Toodetud Ukrainas.<\/p>\n","protected":false},"featured_media":12080,"comment_status":"closed","ping_status":"open","template":"","meta":{"_acf_changed":false},"product_brand":[422],"product_cat":[512,423],"product_tag":[],"class_list":{"0":"post-12079","1":"product","2":"type-product","3":"status-publish","4":"has-post-thumbnail","6":"product_brand-ruta","7":"product_cat-majapidamistarbed","8":"product_cat-pabertooted","9":"pa_kogus-8-tk","10":"pa_koostis-100-tselluloos-60-okaspuu-30-lehtpuu-10-eukalupt","11":"pa_paritolumaa-ukraina","12":"pa_uhik-tk","14":"first","15":"instock","16":"purchasable","17":"product-type-simple"},"acf":[],"_links":{"self":[{"href":"https:\/\/ursus.ee\/en\/wp-json\/wp\/v2\/product\/12079","targetHints":{"allow":["GET"]}}],"collection":[{"href":"https:\/\/ursus.ee\/en\/wp-json\/wp\/v2\/product"}],"about":[{"href":"https:\/\/ursus.ee\/en\/wp-json\/wp\/v2\/types\/product"}],"replies":[{"embeddable":true,"href":"https:\/\/ursus.ee\/en\/wp-json\/wp\/v2\/comments?post=12079"}],"wp:featuredmedia":[{"embeddable":true,"href":"https:\/\/ursus.ee\/en\/wp-json\/wp\/v2\/media\/12080"}],"wp:attachment":[{"href":"https:\/\/ursus.ee\/en\/wp-json\/wp\/v2\/media?parent=12079"}],"wp:term":[{"taxonomy":"product_brand","embeddable":true,"href":"https:\/\/ursus.ee\/en\/wp-json\/wp\/v2\/product_brand?post=12079"},{"taxonomy":"product_cat","embeddable":true,"href":"https:\/\/ursus.ee\/en\/wp-json\/wp\/v2\/product_cat?post=12079"},{"taxonomy":"product_tag","embeddable":true,"href":"https:\/\/ursus.ee\/en\/wp-json\/wp\/v2\/product_tag?post=12079"}],"curies":[{"name":"wp","href":"https:\/\/api.w.org\/{rel}","templated":true}]}}