{"id":12077,"date":"2025-12-16T18:12:38","date_gmt":"2025-12-16T16:12:38","guid":{"rendered":"https:\/\/ursus.ee\/toode\/lehtratikud-2-kihiline-140-lehte-2\/"},"modified":"2026-03-27T15:40:38","modified_gmt":"2026-03-27T13:40:38","slug":"lehtratikud-2-kihiline-140-lehte-2","status":"publish","type":"product","link":"https:\/\/ursus.ee\/en\/toode\/lehtratikud-2-kihiline-140-lehte-2\/","title":{"rendered":"Lehtr\u00e4tikud 2-kihiline, 140 lehte"},"content":{"rendered":"<p>140 lehega, V-voldiga 2-kihilised paberr\u00e4tikud on valmistatud kvaliteetsest paberist, 100% tselluloosist. Puhta valge tooniga majapidamispaber on tugev ning hea imemisv\u00f5imega. V-kujuline kokkulapitav paber pakub kasutusmugavust \u2013 mugav kasutada disainkarpides. Toote kilepakend on samuti kauni disainiga, mis peegeldab Ukraina kultuuri ja traditsioonide omap\u00e4ra \u2013 disain on inspireeritud Ukraina populaarseimast rahvusroast \u2013 bor\u0161ist. Lehe m\u00f5\u00f5dud: 22,5x20cm. Toodetud Ukrainas.<\/p>\n","protected":false},"excerpt":{"rendered":"<p>140 lehega, V-voldiga 2-kihilised paberr\u00e4tikud on valmistatud kvaliteetsest paberist, 100% tselluloosist. Puhta valge tooniga majapidamispaber on tugev ning hea imemisv\u00f5imega. V-kujuline kokkulapitav paber pakub kasutusmugavust \u2013 mugav kasutada disainkarpides. Toote kilepakend on samuti kauni disainiga, mis peegeldab Ukraina kultuuri ja traditsioonide omap\u00e4ra \u2013 disain on inspireeritud Ukraina populaarseimast rahvusroast \u2013 bor\u0161ist. Lehe m\u00f5\u00f5dud: 22,5x20cm. Toodetud<\/p>\n","protected":false},"featured_media":12078,"comment_status":"closed","ping_status":"open","template":"","meta":{"_acf_changed":false},"product_brand":[422],"product_cat":[512,423],"product_tag":[],"class_list":{"0":"post-12077","1":"product","2":"type-product","3":"status-publish","4":"has-post-thumbnail","6":"product_brand-ruta","7":"product_cat-majapidamistarbed","8":"product_cat-pabertooted","9":"pa_kogus-1-tk","10":"pa_koostis-100-tselluloos","11":"pa_paritolumaa-ukraina","12":"pa_uhik-tk","14":"first","15":"instock","16":"purchasable","17":"product-type-simple"},"acf":[],"_links":{"self":[{"href":"https:\/\/ursus.ee\/en\/wp-json\/wp\/v2\/product\/12077","targetHints":{"allow":["GET"]}}],"collection":[{"href":"https:\/\/ursus.ee\/en\/wp-json\/wp\/v2\/product"}],"about":[{"href":"https:\/\/ursus.ee\/en\/wp-json\/wp\/v2\/types\/product"}],"replies":[{"embeddable":true,"href":"https:\/\/ursus.ee\/en\/wp-json\/wp\/v2\/comments?post=12077"}],"wp:featuredmedia":[{"embeddable":true,"href":"https:\/\/ursus.ee\/en\/wp-json\/wp\/v2\/media\/12078"}],"wp:attachment":[{"href":"https:\/\/ursus.ee\/en\/wp-json\/wp\/v2\/media?parent=12077"}],"wp:term":[{"taxonomy":"product_brand","embeddable":true,"href":"https:\/\/ursus.ee\/en\/wp-json\/wp\/v2\/product_brand?post=12077"},{"taxonomy":"product_cat","embeddable":true,"href":"https:\/\/ursus.ee\/en\/wp-json\/wp\/v2\/product_cat?post=12077"},{"taxonomy":"product_tag","embeddable":true,"href":"https:\/\/ursus.ee\/en\/wp-json\/wp\/v2\/product_tag?post=12077"}],"curies":[{"name":"wp","href":"https:\/\/api.w.org\/{rel}","templated":true}]}}