{"id":12073,"date":"2025-12-16T18:12:38","date_gmt":"2025-12-16T16:12:38","guid":{"rendered":"https:\/\/ursus.ee\/toode\/tualettpaber-pure-white-24-rulli-3-kihiline-2\/"},"modified":"2026-03-27T15:40:38","modified_gmt":"2026-03-27T13:40:38","slug":"tualettpaber-pure-white-24-rulli-3-kihiline-2","status":"publish","type":"product","link":"https:\/\/ursus.ee\/en\/toode\/tualettpaber-pure-white-24-rulli-3-kihiline-2\/","title":{"rendered":"Tualettpaber Pure White 24 rulli, 3-kihiline"},"content":{"rendered":"<p>Ruta premium sarja 3-kihiline valge tualettpaber on t\u00e4iesti naturaalne, ilma v\u00e4rvi- ja l\u00f5hnaaineteta. Tootmisel kasutatakse looduslikke koostisosasid: 60% okaspuu \/ 40% eukal\u00fcpt (100% tselluloos), mis v\u00f5imaldab saavutada paberi \u00fclima pehmuse ja tugevuse. \u00dches rullis on 145 lehte.<\/p>\n","protected":false},"excerpt":{"rendered":"<p>Ruta premium sarja 3-kihiline valge tualettpaber on t\u00e4iesti naturaalne, ilma v\u00e4rvi- ja l\u00f5hnaaineteta. Tootmisel kasutatakse looduslikke koostisosasid: 60% okaspuu \/ 40% eukal\u00fcpt (100% tselluloos), mis v\u00f5imaldab saavutada paberi \u00fclima pehmuse ja tugevuse. \u00dches rullis on 145 lehte.<\/p>\n","protected":false},"featured_media":12074,"comment_status":"closed","ping_status":"open","template":"","meta":{"_acf_changed":false},"product_brand":[422],"product_cat":[512,423],"product_tag":[],"class_list":{"0":"post-12073","1":"product","2":"type-product","3":"status-publish","4":"has-post-thumbnail","6":"product_brand-ruta","7":"product_cat-majapidamistarbed","8":"product_cat-pabertooted","9":"pa_kogus-24-tk","10":"pa_koostis-100-tselluloos-60-okaspuu-40-eukalupt","11":"pa_paritolumaa-ukraina","12":"pa_uhik-tk","14":"first","15":"instock","16":"purchasable","17":"product-type-simple"},"acf":[],"_links":{"self":[{"href":"https:\/\/ursus.ee\/en\/wp-json\/wp\/v2\/product\/12073","targetHints":{"allow":["GET"]}}],"collection":[{"href":"https:\/\/ursus.ee\/en\/wp-json\/wp\/v2\/product"}],"about":[{"href":"https:\/\/ursus.ee\/en\/wp-json\/wp\/v2\/types\/product"}],"replies":[{"embeddable":true,"href":"https:\/\/ursus.ee\/en\/wp-json\/wp\/v2\/comments?post=12073"}],"wp:featuredmedia":[{"embeddable":true,"href":"https:\/\/ursus.ee\/en\/wp-json\/wp\/v2\/media\/12074"}],"wp:attachment":[{"href":"https:\/\/ursus.ee\/en\/wp-json\/wp\/v2\/media?parent=12073"}],"wp:term":[{"taxonomy":"product_brand","embeddable":true,"href":"https:\/\/ursus.ee\/en\/wp-json\/wp\/v2\/product_brand?post=12073"},{"taxonomy":"product_cat","embeddable":true,"href":"https:\/\/ursus.ee\/en\/wp-json\/wp\/v2\/product_cat?post=12073"},{"taxonomy":"product_tag","embeddable":true,"href":"https:\/\/ursus.ee\/en\/wp-json\/wp\/v2\/product_tag?post=12073"}],"curies":[{"name":"wp","href":"https:\/\/api.w.org\/{rel}","templated":true}]}}