{"id":12067,"date":"2025-12-16T18:12:38","date_gmt":"2025-12-16T16:12:38","guid":{"rendered":"https:\/\/ursus.ee\/toode\/majapidamispaber-mega-roll-3-kihiline-200-lehte-2\/"},"modified":"2026-03-27T15:40:38","modified_gmt":"2026-03-27T13:40:38","slug":"majapidamispaber-mega-roll-3-kihiline-200-lehte-2","status":"publish","type":"product","link":"https:\/\/ursus.ee\/en\/toode\/majapidamispaber-mega-roll-3-kihiline-200-lehte-2\/","title":{"rendered":"Majapidamispaber Mega Roll 3-kihiline, 200 lehte"},"content":{"rendered":"<p>3-kihiline eriti tugev ja elastne majapidamispaber, mille spetsiaalne reljeef muudab paberi maksimaalselt imavaks. Valmistatud 100% tselluloosist. Lisa perforatsioon v\u00f5imaldab \u00e4ra rebida pool tavap\u00e4rasest k\u00e4tepaberi suurusest. Tarbija saab valida erinevate puhastusv\u00f5imaluste tarbeks erineva suurusega paberi. Rullis on 200 lehte m\u00f5\u00f5tudega 22,5&#215;11,5cm<\/p>\n","protected":false},"excerpt":{"rendered":"<p>3-kihiline eriti tugev ja elastne majapidamispaber, mille spetsiaalne reljeef muudab paberi maksimaalselt imavaks. Valmistatud 100% tselluloosist. Lisa perforatsioon v\u00f5imaldab \u00e4ra rebida pool tavap\u00e4rasest k\u00e4tepaberi suurusest. Tarbija saab valida erinevate puhastusv\u00f5imaluste tarbeks erineva suurusega paberi. Rullis on 200 lehte m\u00f5\u00f5tudega 22,5&#215;11,5cm<\/p>\n","protected":false},"featured_media":12068,"comment_status":"closed","ping_status":"open","template":"","meta":{"_acf_changed":false},"product_brand":[422],"product_cat":[512,423],"product_tag":[],"class_list":{"0":"post-12067","1":"product","2":"type-product","3":"status-publish","4":"has-post-thumbnail","6":"product_brand-ruta","7":"product_cat-majapidamistarbed","8":"product_cat-pabertooted","9":"pa_kogus-1-tk","10":"pa_koostis-100-tselloloos","11":"pa_paritolumaa-ukraina","12":"pa_uhik-tk","14":"first","15":"instock","16":"purchasable","17":"product-type-simple"},"acf":[],"_links":{"self":[{"href":"https:\/\/ursus.ee\/en\/wp-json\/wp\/v2\/product\/12067","targetHints":{"allow":["GET"]}}],"collection":[{"href":"https:\/\/ursus.ee\/en\/wp-json\/wp\/v2\/product"}],"about":[{"href":"https:\/\/ursus.ee\/en\/wp-json\/wp\/v2\/types\/product"}],"replies":[{"embeddable":true,"href":"https:\/\/ursus.ee\/en\/wp-json\/wp\/v2\/comments?post=12067"}],"wp:featuredmedia":[{"embeddable":true,"href":"https:\/\/ursus.ee\/en\/wp-json\/wp\/v2\/media\/12068"}],"wp:attachment":[{"href":"https:\/\/ursus.ee\/en\/wp-json\/wp\/v2\/media?parent=12067"}],"wp:term":[{"taxonomy":"product_brand","embeddable":true,"href":"https:\/\/ursus.ee\/en\/wp-json\/wp\/v2\/product_brand?post=12067"},{"taxonomy":"product_cat","embeddable":true,"href":"https:\/\/ursus.ee\/en\/wp-json\/wp\/v2\/product_cat?post=12067"},{"taxonomy":"product_tag","embeddable":true,"href":"https:\/\/ursus.ee\/en\/wp-json\/wp\/v2\/product_tag?post=12067"}],"curies":[{"name":"wp","href":"https:\/\/api.w.org\/{rel}","templated":true}]}}