{"id":12065,"date":"2025-12-16T18:12:38","date_gmt":"2025-12-16T16:12:38","guid":{"rendered":"https:\/\/ursus.ee\/toode\/majapidamispaber-selecta-3-kihiline-105-lehte-2\/"},"modified":"2026-03-27T15:40:38","modified_gmt":"2026-03-27T13:40:38","slug":"majapidamispaber-selecta-3-kihiline-105-lehte-2","status":"publish","type":"product","link":"https:\/\/ursus.ee\/en\/toode\/majapidamispaber-selecta-3-kihiline-105-lehte-2\/","title":{"rendered":"Majapidamispaber Selecta, 3-kihiline, 105 lehte"},"content":{"rendered":"<p>3-kihiline eriti tugev ja elastne majapidamispaber, mille spetsiaalne relieef muudab paberi maksimaalselt imavaks. Lisa perforatsioon v\u00f5imaldab \u00e4ra rebida pool tavap\u00e4rasest k\u00e4tepaberi suurusest. Tarbija saab valida erinevate puhastusv\u00f5imaluste tarbeks erineva suurusega paberi. Pakendis on 2 rulli, \u00fches rullis on 105 lehte m\u00f5\u00f5tudega 22,5&#215;11,5cm. Valmistatud 100% tselluloosist, Ukrainas.<\/p>\n","protected":false},"excerpt":{"rendered":"<p>3-kihiline eriti tugev ja elastne majapidamispaber, mille spetsiaalne relieef muudab paberi maksimaalselt imavaks. Lisa perforatsioon v\u00f5imaldab \u00e4ra rebida pool tavap\u00e4rasest k\u00e4tepaberi suurusest. Tarbija saab valida erinevate puhastusv\u00f5imaluste tarbeks erineva suurusega paberi. Pakendis on 2 rulli, \u00fches rullis on 105 lehte m\u00f5\u00f5tudega 22,5&#215;11,5cm. Valmistatud 100% tselluloosist, Ukrainas.<\/p>\n","protected":false},"featured_media":12066,"comment_status":"closed","ping_status":"open","template":"","meta":{"_acf_changed":false},"product_brand":[422],"product_cat":[512,423],"product_tag":[],"class_list":{"0":"post-12065","1":"product","2":"type-product","3":"status-publish","4":"has-post-thumbnail","6":"product_brand-ruta","7":"product_cat-majapidamistarbed","8":"product_cat-pabertooted","9":"pa_kogus-2-tk","10":"pa_paritolumaa-ukraina","11":"pa_uhik-tk","13":"first","14":"instock","15":"purchasable","16":"product-type-simple"},"acf":[],"_links":{"self":[{"href":"https:\/\/ursus.ee\/en\/wp-json\/wp\/v2\/product\/12065","targetHints":{"allow":["GET"]}}],"collection":[{"href":"https:\/\/ursus.ee\/en\/wp-json\/wp\/v2\/product"}],"about":[{"href":"https:\/\/ursus.ee\/en\/wp-json\/wp\/v2\/types\/product"}],"replies":[{"embeddable":true,"href":"https:\/\/ursus.ee\/en\/wp-json\/wp\/v2\/comments?post=12065"}],"wp:featuredmedia":[{"embeddable":true,"href":"https:\/\/ursus.ee\/en\/wp-json\/wp\/v2\/media\/12066"}],"wp:attachment":[{"href":"https:\/\/ursus.ee\/en\/wp-json\/wp\/v2\/media?parent=12065"}],"wp:term":[{"taxonomy":"product_brand","embeddable":true,"href":"https:\/\/ursus.ee\/en\/wp-json\/wp\/v2\/product_brand?post=12065"},{"taxonomy":"product_cat","embeddable":true,"href":"https:\/\/ursus.ee\/en\/wp-json\/wp\/v2\/product_cat?post=12065"},{"taxonomy":"product_tag","embeddable":true,"href":"https:\/\/ursus.ee\/en\/wp-json\/wp\/v2\/product_tag?post=12065"}],"curies":[{"name":"wp","href":"https:\/\/api.w.org\/{rel}","templated":true}]}}