{"id":12059,"date":"2025-12-16T18:07:11","date_gmt":"2025-12-16T16:07:11","guid":{"rendered":"https:\/\/ursus.ee\/toode\/poidlaavaga-kooriv-pesukinnas-luffa-2\/"},"modified":"2026-03-27T16:23:26","modified_gmt":"2026-03-27T14:23:26","slug":"poidlaavaga-kooriv-pesukinnas-luffa-2","status":"publish","type":"product","link":"https:\/\/ursus.ee\/en\/toode\/poidlaavaga-kooriv-pesukinnas-luffa-2\/","title":{"rendered":"P\u00f6idlaavaga kooriv pesukinnas Luffa"},"content":{"rendered":"<p>Nautige \u00fclimat kehahooldust meie esmaklassilise luffast ehk k\u00e4snk\u00f5rvitsast ja puuvillast pesukindaga. Kvaliteetsetest looduslikest materjalidest valmistatud kinnas muudab teie igap\u00e4evase pesemisrutiini spaa rituaaliks. Kinda puuvillane pool puhastab \u00f5rnalt. Luffa koorib nahka, eemaldab surnud naharakud ja annab s\u00e4rava jume. Sobib nii vasaku kui paremak\u00e4elistele. T\u00e4iustage oma nahahooldusrutiini ja hellitage end meie kvaliteetse luffa kehasvammiga. Luffa pehmendamiseks loputage pesukinnast enne kasutamist kuuma veega. Loputage p\u00e4rast kasutamist ja riputage kuivama h\u00e4sti ventileeritud ruumi. Koostis: Looduslik k\u00e4snk\u00f5rvits, 100% puuvill, kinda sees linane vooder.<\/p>\n","protected":false},"excerpt":{"rendered":"<p>Nautige \u00fclimat kehahooldust meie esmaklassilise luffast ehk k\u00e4snk\u00f5rvitsast ja puuvillast pesukindaga. Kvaliteetsetest looduslikest materjalidest valmistatud kinnas muudab teie igap\u00e4evase pesemisrutiini spaa rituaaliks. Kinda puuvillane pool puhastab \u00f5rnalt. Luffa koorib nahka, eemaldab surnud naharakud ja annab s\u00e4rava jume. Sobib nii vasaku kui paremak\u00e4elistele. T\u00e4iustage oma nahahooldusrutiini ja hellitage end meie kvaliteetse luffa kehasvammiga. Luffa pehmendamiseks loputage<\/p>\n","protected":false},"featured_media":12060,"comment_status":"closed","ping_status":"open","template":"","meta":{"_acf_changed":false},"product_brand":[408],"product_cat":[244,416],"product_tag":[],"class_list":{"0":"post-12059","1":"product","2":"type-product","3":"status-publish","4":"has-post-thumbnail","6":"product_brand-esta","7":"product_cat-kehahooldus","8":"product_cat-kehapesusvammid","9":"pa_kogus-1-tk","10":"pa_koostis-looduslik-kasnkorvits-100-puuvill-kinda-sees-linane-vooder","11":"pa_paritolumaa-egiptus","12":"pa_uhik-tk","14":"first","15":"instock","16":"purchasable","17":"product-type-simple"},"acf":[],"_links":{"self":[{"href":"https:\/\/ursus.ee\/en\/wp-json\/wp\/v2\/product\/12059","targetHints":{"allow":["GET"]}}],"collection":[{"href":"https:\/\/ursus.ee\/en\/wp-json\/wp\/v2\/product"}],"about":[{"href":"https:\/\/ursus.ee\/en\/wp-json\/wp\/v2\/types\/product"}],"replies":[{"embeddable":true,"href":"https:\/\/ursus.ee\/en\/wp-json\/wp\/v2\/comments?post=12059"}],"wp:featuredmedia":[{"embeddable":true,"href":"https:\/\/ursus.ee\/en\/wp-json\/wp\/v2\/media\/12060"}],"wp:attachment":[{"href":"https:\/\/ursus.ee\/en\/wp-json\/wp\/v2\/media?parent=12059"}],"wp:term":[{"taxonomy":"product_brand","embeddable":true,"href":"https:\/\/ursus.ee\/en\/wp-json\/wp\/v2\/product_brand?post=12059"},{"taxonomy":"product_cat","embeddable":true,"href":"https:\/\/ursus.ee\/en\/wp-json\/wp\/v2\/product_cat?post=12059"},{"taxonomy":"product_tag","embeddable":true,"href":"https:\/\/ursus.ee\/en\/wp-json\/wp\/v2\/product_tag?post=12059"}],"curies":[{"name":"wp","href":"https:\/\/api.w.org\/{rel}","templated":true}]}}