{"id":12057,"date":"2025-12-16T18:07:11","date_gmt":"2025-12-16T16:07:11","guid":{"rendered":"https:\/\/ursus.ee\/toode\/pesukinnas-ornale-nahale-2\/"},"modified":"2026-03-27T16:23:26","modified_gmt":"2026-03-27T14:23:26","slug":"pesukinnas-ornale-nahale-2","status":"publish","type":"product","link":"https:\/\/ursus.ee\/en\/toode\/pesukinnas-ornale-nahale-2\/","title":{"rendered":"Pesukinnas \u00f5rnale nahale"},"content":{"rendered":"<p>Nautige \u00fclimat enesehoolduskogemust meie esmaklassilise \u00f5rna pesukindaga. Valmistatud kvaliteetsest puuvillast \u00f5rnaks puhastuseks. Pesukinnas sobib suurep\u00e4raselt tundlikule nahale. Kasutage koos oma lemmik kehapesuvahendiga ja muutke oma igap\u00e4evane pesemisrutiin spaa rituaaliks. Loputage p\u00e4rast kasutamist ja riputage kuivama h\u00e4sti ventileeritud ruumi. Koostis: 100% puuvill<\/p>\n","protected":false},"excerpt":{"rendered":"<p>Nautige \u00fclimat enesehoolduskogemust meie esmaklassilise \u00f5rna pesukindaga. Valmistatud kvaliteetsest puuvillast \u00f5rnaks puhastuseks. Pesukinnas sobib suurep\u00e4raselt tundlikule nahale. Kasutage koos oma lemmik kehapesuvahendiga ja muutke oma igap\u00e4evane pesemisrutiin spaa rituaaliks. Loputage p\u00e4rast kasutamist ja riputage kuivama h\u00e4sti ventileeritud ruumi. Koostis: 100% puuvill<\/p>\n","protected":false},"featured_media":12058,"comment_status":"closed","ping_status":"open","template":"","meta":{"_acf_changed":false},"product_brand":[408],"product_cat":[244,416],"product_tag":[],"class_list":{"0":"post-12057","1":"product","2":"type-product","3":"status-publish","4":"has-post-thumbnail","6":"product_brand-esta","7":"product_cat-kehahooldus","8":"product_cat-kehapesusvammid","9":"pa_kogus-1-tk","10":"pa_koostis-100-puuvill","11":"pa_paritolumaa-egiptus","12":"pa_uhik-tk","14":"first","15":"instock","16":"purchasable","17":"product-type-simple"},"acf":[],"_links":{"self":[{"href":"https:\/\/ursus.ee\/en\/wp-json\/wp\/v2\/product\/12057","targetHints":{"allow":["GET"]}}],"collection":[{"href":"https:\/\/ursus.ee\/en\/wp-json\/wp\/v2\/product"}],"about":[{"href":"https:\/\/ursus.ee\/en\/wp-json\/wp\/v2\/types\/product"}],"replies":[{"embeddable":true,"href":"https:\/\/ursus.ee\/en\/wp-json\/wp\/v2\/comments?post=12057"}],"wp:featuredmedia":[{"embeddable":true,"href":"https:\/\/ursus.ee\/en\/wp-json\/wp\/v2\/media\/12058"}],"wp:attachment":[{"href":"https:\/\/ursus.ee\/en\/wp-json\/wp\/v2\/media?parent=12057"}],"wp:term":[{"taxonomy":"product_brand","embeddable":true,"href":"https:\/\/ursus.ee\/en\/wp-json\/wp\/v2\/product_brand?post=12057"},{"taxonomy":"product_cat","embeddable":true,"href":"https:\/\/ursus.ee\/en\/wp-json\/wp\/v2\/product_cat?post=12057"},{"taxonomy":"product_tag","embeddable":true,"href":"https:\/\/ursus.ee\/en\/wp-json\/wp\/v2\/product_tag?post=12057"}],"curies":[{"name":"wp","href":"https:\/\/api.w.org\/{rel}","templated":true}]}}