{"id":12052,"date":"2025-12-16T18:07:11","date_gmt":"2025-12-16T16:07:11","guid":{"rendered":"https:\/\/ursus.ee\/toode\/kehapesupall-2\/"},"modified":"2026-03-27T16:23:26","modified_gmt":"2026-03-27T14:23:26","slug":"kehapesupall-2","status":"publish","type":"product","link":"https:\/\/ursus.ee\/en\/toode\/kehapesupall-2\/","title":{"rendered":"Kehapesupall"},"content":{"rendered":"<p>H\u00e4sti vahutav ja pehme pesupall sobib k\u00f5ikidele nahat\u00fc\u00fcpidele igap\u00e4evaseks kasutamiseks. T\u00e4nu riputusaasale on pesupalli mugav hoiustada ja kuivatada. Kasutamine: Niisutage pesupalli veega, seej\u00e4rel lisage seepi v\u00f5i du\u0161igeeli ja ajage vahule. Enne esimest kasutuskorda loputada kuuma veega. Peale kasutamist loputage pesupalli sooja veega ja laske kuivada. Pesupalli kaal: 50g.<\/p>\n","protected":false},"excerpt":{"rendered":"<p>H\u00e4sti vahutav ja pehme pesupall sobib k\u00f5ikidele nahat\u00fc\u00fcpidele igap\u00e4evaseks kasutamiseks. T\u00e4nu riputusaasale on pesupalli mugav hoiustada ja kuivatada. Kasutamine: Niisutage pesupalli veega, seej\u00e4rel lisage seepi v\u00f5i du\u0161igeeli ja ajage vahule. Enne esimest kasutuskorda loputada kuuma veega. Peale kasutamist loputage pesupalli sooja veega ja laske kuivada. Pesupalli kaal: 50g.<\/p>\n","protected":false},"featured_media":12053,"comment_status":"closed","ping_status":"open","template":"","meta":{"_acf_changed":false},"product_brand":[408],"product_cat":[244,416],"product_tag":[],"class_list":{"0":"post-12052","1":"product","2":"type-product","3":"status-publish","4":"has-post-thumbnail","6":"product_brand-esta","7":"product_cat-kehahooldus","8":"product_cat-kehapesusvammid","9":"pa_kogus-1-tk","10":"pa_paritolumaa-eesti","11":"pa_uhik-tk","13":"first","14":"instock","15":"purchasable","16":"product-type-simple"},"acf":[],"_links":{"self":[{"href":"https:\/\/ursus.ee\/en\/wp-json\/wp\/v2\/product\/12052","targetHints":{"allow":["GET"]}}],"collection":[{"href":"https:\/\/ursus.ee\/en\/wp-json\/wp\/v2\/product"}],"about":[{"href":"https:\/\/ursus.ee\/en\/wp-json\/wp\/v2\/types\/product"}],"replies":[{"embeddable":true,"href":"https:\/\/ursus.ee\/en\/wp-json\/wp\/v2\/comments?post=12052"}],"wp:featuredmedia":[{"embeddable":true,"href":"https:\/\/ursus.ee\/en\/wp-json\/wp\/v2\/media\/12053"}],"wp:attachment":[{"href":"https:\/\/ursus.ee\/en\/wp-json\/wp\/v2\/media?parent=12052"}],"wp:term":[{"taxonomy":"product_brand","embeddable":true,"href":"https:\/\/ursus.ee\/en\/wp-json\/wp\/v2\/product_brand?post=12052"},{"taxonomy":"product_cat","embeddable":true,"href":"https:\/\/ursus.ee\/en\/wp-json\/wp\/v2\/product_cat?post=12052"},{"taxonomy":"product_tag","embeddable":true,"href":"https:\/\/ursus.ee\/en\/wp-json\/wp\/v2\/product_tag?post=12052"}],"curies":[{"name":"wp","href":"https:\/\/api.w.org\/{rel}","templated":true}]}}