{"id":12044,"date":"2025-12-16T18:07:11","date_gmt":"2025-12-16T16:07:11","guid":{"rendered":"https:\/\/ursus.ee\/toode\/kehapesusvamm-lastele-junior-2\/"},"modified":"2026-03-27T16:23:27","modified_gmt":"2026-03-27T14:23:27","slug":"kehapesusvamm-lastele-junior-2","status":"publish","type":"product","link":"https:\/\/ursus.ee\/en\/toode\/kehapesusvamm-lastele-junior-2\/","title":{"rendered":"Kehapesusvamm lastele Junior"},"content":{"rendered":"<p>Vahva loomakujuline svamm muudab iga vannisk\u00e4igu l\u00f5busaks seikluseks. Vannisvamm on toodetud tundlikule ja \u00f5rnale nahale m\u00f5eldud pehmest poroloonist.<\/p>\n","protected":false},"excerpt":{"rendered":"<p>Vahva loomakujuline svamm muudab iga vannisk\u00e4igu l\u00f5busaks seikluseks. Vannisvamm on toodetud tundlikule ja \u00f5rnale nahale m\u00f5eldud pehmest poroloonist.<\/p>\n","protected":false},"featured_media":13894,"comment_status":"closed","ping_status":"closed","template":"","meta":{"_acf_changed":false},"product_brand":[408],"product_cat":[244,416],"product_tag":[],"class_list":{"0":"post-12044","1":"product","2":"type-product","3":"status-publish","4":"has-post-thumbnail","6":"product_brand-esta","7":"product_cat-kehahooldus","8":"product_cat-kehapesusvammid","9":"pa_kogus-1-tk","10":"pa_paritolumaa-eesti","11":"pa_uhik-tk","13":"first","14":"instock","15":"purchasable","16":"product-type-simple"},"acf":[],"_links":{"self":[{"href":"https:\/\/ursus.ee\/en\/wp-json\/wp\/v2\/product\/12044","targetHints":{"allow":["GET"]}}],"collection":[{"href":"https:\/\/ursus.ee\/en\/wp-json\/wp\/v2\/product"}],"about":[{"href":"https:\/\/ursus.ee\/en\/wp-json\/wp\/v2\/types\/product"}],"replies":[{"embeddable":true,"href":"https:\/\/ursus.ee\/en\/wp-json\/wp\/v2\/comments?post=12044"}],"wp:featuredmedia":[{"embeddable":true,"href":"https:\/\/ursus.ee\/en\/wp-json\/wp\/v2\/media\/13894"}],"wp:attachment":[{"href":"https:\/\/ursus.ee\/en\/wp-json\/wp\/v2\/media?parent=12044"}],"wp:term":[{"taxonomy":"product_brand","embeddable":true,"href":"https:\/\/ursus.ee\/en\/wp-json\/wp\/v2\/product_brand?post=12044"},{"taxonomy":"product_cat","embeddable":true,"href":"https:\/\/ursus.ee\/en\/wp-json\/wp\/v2\/product_cat?post=12044"},{"taxonomy":"product_tag","embeddable":true,"href":"https:\/\/ursus.ee\/en\/wp-json\/wp\/v2\/product_tag?post=12044"}],"curies":[{"name":"wp","href":"https:\/\/api.w.org\/{rel}","templated":true}]}}