{"id":12026,"date":"2025-12-16T18:07:11","date_gmt":"2025-12-16T16:07:11","guid":{"rendered":"https:\/\/ursus.ee\/toode\/olilapid-2\/"},"modified":"2026-03-27T15:38:54","modified_gmt":"2026-03-27T13:38:54","slug":"olilapid-2","status":"publish","type":"product","link":"https:\/\/ursus.ee\/en\/toode\/olilapid-2\/","title":{"rendered":"\u00d5lilapid"},"content":{"rendered":"<p>Sidrunil\u00f5hnaline tolmulapp, mida on t\u00f6\u00f6deldud spetsiaalse \u00f5liga, et suurendada tolmuosakeste sidumist ja kinnihoidmise v\u00f5imet. Sobib p\u00f5randate ja teiste siledate pindade puhastamiseks. Kangas olev \u00f5li lukustab endasse ka peene ehitustolmu, mustuse ja karvad. Lapp j\u00e4tab pindadele meeldiva l\u00f5hna ja antistaatilise kihi, mis t\u00f5rjub tolmu ja hoiab pinnad kauem puhtana. Ei j\u00e4ta pindu libedaks. \u00dchekordseks kasutamiseks, peale kasutamist visata segaolme pr\u00fcgi hulka. Lapi m\u00f5\u00f5dud: 30x60cm.<\/p>\n","protected":false},"excerpt":{"rendered":"<p>Sidrunil\u00f5hnaline tolmulapp, mida on t\u00f6\u00f6deldud spetsiaalse \u00f5liga, et suurendada tolmuosakeste sidumist ja kinnihoidmise v\u00f5imet. Sobib p\u00f5randate ja teiste siledate pindade puhastamiseks. Kangas olev \u00f5li lukustab endasse ka peene ehitustolmu, mustuse ja karvad. Lapp j\u00e4tab pindadele meeldiva l\u00f5hna ja antistaatilise kihi, mis t\u00f5rjub tolmu ja hoiab pinnad kauem puhtana. Ei j\u00e4ta pindu libedaks. \u00dchekordseks kasutamiseks, peale<\/p>\n","protected":false},"featured_media":12027,"comment_status":"closed","ping_status":"open","template":"","meta":{"_acf_changed":false},"product_brand":[408],"product_cat":[409,515],"product_tag":[],"class_list":{"0":"post-12026","1":"product","2":"type-product","3":"status-publish","4":"has-post-thumbnail","6":"product_brand-esta","7":"product_cat-koristustarvikud","8":"product_cat-svammid-lapid-ja-kuurimisvahendid","9":"pa_kogus-15-tk","10":"pa_paritolumaa-eesti","11":"pa_uhik-tk","13":"first","14":"instock","15":"purchasable","16":"product-type-simple"},"acf":[],"_links":{"self":[{"href":"https:\/\/ursus.ee\/en\/wp-json\/wp\/v2\/product\/12026","targetHints":{"allow":["GET"]}}],"collection":[{"href":"https:\/\/ursus.ee\/en\/wp-json\/wp\/v2\/product"}],"about":[{"href":"https:\/\/ursus.ee\/en\/wp-json\/wp\/v2\/types\/product"}],"replies":[{"embeddable":true,"href":"https:\/\/ursus.ee\/en\/wp-json\/wp\/v2\/comments?post=12026"}],"wp:featuredmedia":[{"embeddable":true,"href":"https:\/\/ursus.ee\/en\/wp-json\/wp\/v2\/media\/12027"}],"wp:attachment":[{"href":"https:\/\/ursus.ee\/en\/wp-json\/wp\/v2\/media?parent=12026"}],"wp:term":[{"taxonomy":"product_brand","embeddable":true,"href":"https:\/\/ursus.ee\/en\/wp-json\/wp\/v2\/product_brand?post=12026"},{"taxonomy":"product_cat","embeddable":true,"href":"https:\/\/ursus.ee\/en\/wp-json\/wp\/v2\/product_cat?post=12026"},{"taxonomy":"product_tag","embeddable":true,"href":"https:\/\/ursus.ee\/en\/wp-json\/wp\/v2\/product_tag?post=12026"}],"curies":[{"name":"wp","href":"https:\/\/api.w.org\/{rel}","templated":true}]}}