{"id":12024,"date":"2025-12-16T18:07:11","date_gmt":"2025-12-16T16:07:11","guid":{"rendered":"https:\/\/ursus.ee\/toode\/abrasiivsed-kuurimislapid-nordic-black-edition-2\/"},"modified":"2026-03-27T15:38:54","modified_gmt":"2026-03-27T13:38:54","slug":"abrasiivsed-kuurimislapid-nordic-black-edition-2","status":"publish","type":"product","link":"https:\/\/ursus.ee\/en\/toode\/abrasiivsed-kuurimislapid-nordic-black-edition-2\/","title":{"rendered":"Abrasiivsed k\u00fc\u00fcrimislapid Nordic Black Edition"},"content":{"rendered":"<p>Abrasiivsed k\u00fc\u00fcrimislapid on m\u00f5eldud tugevat k\u00fc\u00fcrimist vajavate pindade puhastamiseks.<br \/>\nPuhastavad t\u00f5husalt k\u00f5rbenud toiduj\u00e4\u00e4tmed, mustuse ja kuivanud plekid. Ei sobi \u00f5rnade pindade, nagu klaas ja nakkekindlad pannid puhastamiseks. Loputa kuuma veega, peale igat kasutuskorda<\/p>\n","protected":false},"excerpt":{"rendered":"<p>Abrasiivsed k\u00fc\u00fcrimislapid on m\u00f5eldud tugevat k\u00fc\u00fcrimist vajavate pindade puhastamiseks. Puhastavad t\u00f5husalt k\u00f5rbenud toiduj\u00e4\u00e4tmed, mustuse ja kuivanud plekid. Ei sobi \u00f5rnade pindade, nagu klaas ja nakkekindlad pannid puhastamiseks. Loputa kuuma veega, peale igat kasutuskorda<\/p>\n","protected":false},"featured_media":12025,"comment_status":"closed","ping_status":"open","template":"","meta":{"_acf_changed":false},"product_brand":[408],"product_cat":[409,515],"product_tag":[],"class_list":{"0":"post-12024","1":"product","2":"type-product","3":"status-publish","4":"has-post-thumbnail","6":"product_brand-esta","7":"product_cat-koristustarvikud","8":"product_cat-svammid-lapid-ja-kuurimisvahendid","9":"pa_kogus-3-tk","10":"pa_paritolumaa-eesti","11":"pa_uhik-tk","13":"first","14":"instock","15":"purchasable","16":"product-type-simple"},"acf":[],"_links":{"self":[{"href":"https:\/\/ursus.ee\/en\/wp-json\/wp\/v2\/product\/12024","targetHints":{"allow":["GET"]}}],"collection":[{"href":"https:\/\/ursus.ee\/en\/wp-json\/wp\/v2\/product"}],"about":[{"href":"https:\/\/ursus.ee\/en\/wp-json\/wp\/v2\/types\/product"}],"replies":[{"embeddable":true,"href":"https:\/\/ursus.ee\/en\/wp-json\/wp\/v2\/comments?post=12024"}],"wp:featuredmedia":[{"embeddable":true,"href":"https:\/\/ursus.ee\/en\/wp-json\/wp\/v2\/media\/12025"}],"wp:attachment":[{"href":"https:\/\/ursus.ee\/en\/wp-json\/wp\/v2\/media?parent=12024"}],"wp:term":[{"taxonomy":"product_brand","embeddable":true,"href":"https:\/\/ursus.ee\/en\/wp-json\/wp\/v2\/product_brand?post=12024"},{"taxonomy":"product_cat","embeddable":true,"href":"https:\/\/ursus.ee\/en\/wp-json\/wp\/v2\/product_cat?post=12024"},{"taxonomy":"product_tag","embeddable":true,"href":"https:\/\/ursus.ee\/en\/wp-json\/wp\/v2\/product_tag?post=12024"}],"curies":[{"name":"wp","href":"https:\/\/api.w.org\/{rel}","templated":true}]}}