{"id":12020,"date":"2025-12-16T18:07:11","date_gmt":"2025-12-16T16:07:11","guid":{"rendered":"https:\/\/ursus.ee\/toode\/mikrokiudlapp-nordic-black-edition-35x40cm-2\/"},"modified":"2026-03-30T10:22:46","modified_gmt":"2026-03-30T07:22:46","slug":"mikrokiudlapp-nordic-black-edition-35x40cm-2","status":"publish","type":"product","link":"https:\/\/ursus.ee\/en\/toode\/mikrokiudlapp-nordic-black-edition-35x40cm-2\/","title":{"rendered":"Mikrokiudlapp Nordic Black Edition 35x40cm"},"content":{"rendered":"<p>Mikrokiudlapp sobib igap\u00e4evaseks kasutamiseks. Hea imavusv\u00f5imega, puhastab rasva ja mustuse kerge vaevaga. V\u00f5ib kasutada koos puhastusvahenditega. Toode on masinpestav. Mikrokiudlapp on stiilse, minimalistliku v\u00e4limusega ning sobib p\u00f5hjamaise kujundusega k\u00f6\u00f6ki.<\/p>\n","protected":false},"excerpt":{"rendered":"<p>Mikrokiudlapp sobib igap\u00e4evaseks kasutamiseks. Hea imavusv\u00f5imega, puhastab rasva ja mustuse kerge vaevaga. V\u00f5ib kasutada koos puhastusvahenditega. Toode on masinpestav. Mikrokiudlapp on stiilse, minimalistliku v\u00e4limusega ning sobib p\u00f5hjamaise kujundusega k\u00f6\u00f6ki.<\/p>\n","protected":false},"featured_media":12021,"comment_status":"closed","ping_status":"closed","template":"","meta":{"_acf_changed":false},"product_brand":[408],"product_cat":[409,515],"product_tag":[],"class_list":{"0":"post-12020","1":"product","2":"type-product","3":"status-publish","4":"has-post-thumbnail","6":"product_brand-esta","7":"product_cat-koristustarvikud","8":"product_cat-svammid-lapid-ja-kuurimisvahendid","9":"pa_kogus-1-tk","10":"pa_paritolumaa-eesti","11":"pa_uhik-tk","13":"first","14":"instock","15":"purchasable","16":"product-type-simple"},"acf":[],"_links":{"self":[{"href":"https:\/\/ursus.ee\/en\/wp-json\/wp\/v2\/product\/12020","targetHints":{"allow":["GET"]}}],"collection":[{"href":"https:\/\/ursus.ee\/en\/wp-json\/wp\/v2\/product"}],"about":[{"href":"https:\/\/ursus.ee\/en\/wp-json\/wp\/v2\/types\/product"}],"replies":[{"embeddable":true,"href":"https:\/\/ursus.ee\/en\/wp-json\/wp\/v2\/comments?post=12020"}],"wp:featuredmedia":[{"embeddable":true,"href":"https:\/\/ursus.ee\/en\/wp-json\/wp\/v2\/media\/12021"}],"wp:attachment":[{"href":"https:\/\/ursus.ee\/en\/wp-json\/wp\/v2\/media?parent=12020"}],"wp:term":[{"taxonomy":"product_brand","embeddable":true,"href":"https:\/\/ursus.ee\/en\/wp-json\/wp\/v2\/product_brand?post=12020"},{"taxonomy":"product_cat","embeddable":true,"href":"https:\/\/ursus.ee\/en\/wp-json\/wp\/v2\/product_cat?post=12020"},{"taxonomy":"product_tag","embeddable":true,"href":"https:\/\/ursus.ee\/en\/wp-json\/wp\/v2\/product_tag?post=12020"}],"curies":[{"name":"wp","href":"https:\/\/api.w.org\/{rel}","templated":true}]}}