{"id":12019,"date":"2025-12-16T18:07:11","date_gmt":"2025-12-16T16:07:11","guid":{"rendered":"https:\/\/ursus.ee\/toode\/ekraanipuhastuslapid-15x15cm-2\/"},"modified":"2026-03-27T15:38:54","modified_gmt":"2026-03-27T13:38:54","slug":"ekraanipuhastuslapid-15x15cm-2","status":"publish","type":"product","link":"https:\/\/ursus.ee\/en\/toode\/ekraanipuhastuslapid-15x15cm-2\/","title":{"rendered":"Ekraanipuhastuslapid 15x15cm"},"content":{"rendered":"<p>Eriti peene koega mikrokiust puhastuslapp ebeme-, triibu- ja kriimuvabaks tulemuseks. Eemaldab kergesti s\u00f5rmej\u00e4ljed ja m\u00e4\u00e4rdumised. Sobib prillide, kaameral\u00e4\u00e4tsede, nutitelefonide ja teiste nutiseadmete puhastamiseks. Toode on masinpestav. J\u00e4lgi hooldusjuhiseid pakendil.<\/p>\n","protected":false},"excerpt":{"rendered":"<p>Eriti peene koega mikrokiust puhastuslapp ebeme-, triibu- ja kriimuvabaks tulemuseks. Eemaldab kergesti s\u00f5rmej\u00e4ljed ja m\u00e4\u00e4rdumised. Sobib prillide, kaameral\u00e4\u00e4tsede, nutitelefonide ja teiste nutiseadmete puhastamiseks. Toode on masinpestav. J\u00e4lgi hooldusjuhiseid pakendil.<\/p>\n","protected":false},"featured_media":13900,"comment_status":"closed","ping_status":"closed","template":"","meta":{"_acf_changed":false},"product_brand":[408],"product_cat":[409,515],"product_tag":[],"class_list":{"0":"post-12019","1":"product","2":"type-product","3":"status-publish","4":"has-post-thumbnail","6":"product_brand-esta","7":"product_cat-koristustarvikud","8":"product_cat-svammid-lapid-ja-kuurimisvahendid","9":"pa_kogus-2-tk","10":"pa_paritolumaa-eesti","11":"pa_uhik-tk","13":"first","14":"instock","15":"purchasable","16":"product-type-simple"},"acf":[],"_links":{"self":[{"href":"https:\/\/ursus.ee\/en\/wp-json\/wp\/v2\/product\/12019","targetHints":{"allow":["GET"]}}],"collection":[{"href":"https:\/\/ursus.ee\/en\/wp-json\/wp\/v2\/product"}],"about":[{"href":"https:\/\/ursus.ee\/en\/wp-json\/wp\/v2\/types\/product"}],"replies":[{"embeddable":true,"href":"https:\/\/ursus.ee\/en\/wp-json\/wp\/v2\/comments?post=12019"}],"wp:featuredmedia":[{"embeddable":true,"href":"https:\/\/ursus.ee\/en\/wp-json\/wp\/v2\/media\/13900"}],"wp:attachment":[{"href":"https:\/\/ursus.ee\/en\/wp-json\/wp\/v2\/media?parent=12019"}],"wp:term":[{"taxonomy":"product_brand","embeddable":true,"href":"https:\/\/ursus.ee\/en\/wp-json\/wp\/v2\/product_brand?post=12019"},{"taxonomy":"product_cat","embeddable":true,"href":"https:\/\/ursus.ee\/en\/wp-json\/wp\/v2\/product_cat?post=12019"},{"taxonomy":"product_tag","embeddable":true,"href":"https:\/\/ursus.ee\/en\/wp-json\/wp\/v2\/product_tag?post=12019"}],"curies":[{"name":"wp","href":"https:\/\/api.w.org\/{rel}","templated":true}]}}