{"id":12017,"date":"2025-12-16T18:07:11","date_gmt":"2025-12-16T16:07:11","guid":{"rendered":"https:\/\/ursus.ee\/toode\/uldpuhastuslapid-35x35cm-2\/"},"modified":"2026-03-27T15:38:54","modified_gmt":"2026-03-27T13:38:54","slug":"uldpuhastuslapid-35x35cm-2","status":"publish","type":"product","link":"https:\/\/ursus.ee\/en\/toode\/uldpuhastuslapid-35x35cm-2\/","title":{"rendered":"\u00dcldpuhastuslapid 35x35cm"},"content":{"rendered":"<p>Hea imavusega \u00fcldpuhastuslapid erinevate pindade puhastamiseks koduses majapidamises. Sobivad suurep\u00e4raselt k\u00f6\u00f6gi, elutoa ja vannitoa koristamiseks. Puhastuslapid on masinpestavad. J\u00e4lgi hooldusjuhendeid pakendil.<\/p>\n","protected":false},"excerpt":{"rendered":"<p>Hea imavusega \u00fcldpuhastuslapid erinevate pindade puhastamiseks koduses majapidamises. Sobivad suurep\u00e4raselt k\u00f6\u00f6gi, elutoa ja vannitoa koristamiseks. Puhastuslapid on masinpestavad. J\u00e4lgi hooldusjuhendeid pakendil.<\/p>\n","protected":false},"featured_media":12018,"comment_status":"closed","ping_status":"open","template":"","meta":{"_acf_changed":false},"product_brand":[408],"product_cat":[409,515],"product_tag":[],"class_list":{"0":"post-12017","1":"product","2":"type-product","3":"status-publish","4":"has-post-thumbnail","6":"product_brand-esta","7":"product_cat-koristustarvikud","8":"product_cat-svammid-lapid-ja-kuurimisvahendid","9":"pa_kogus-2-tk","10":"pa_paritolumaa-eesti","11":"pa_uhik-tk","13":"first","14":"instock","15":"purchasable","16":"product-type-simple"},"acf":[],"_links":{"self":[{"href":"https:\/\/ursus.ee\/en\/wp-json\/wp\/v2\/product\/12017","targetHints":{"allow":["GET"]}}],"collection":[{"href":"https:\/\/ursus.ee\/en\/wp-json\/wp\/v2\/product"}],"about":[{"href":"https:\/\/ursus.ee\/en\/wp-json\/wp\/v2\/types\/product"}],"replies":[{"embeddable":true,"href":"https:\/\/ursus.ee\/en\/wp-json\/wp\/v2\/comments?post=12017"}],"wp:featuredmedia":[{"embeddable":true,"href":"https:\/\/ursus.ee\/en\/wp-json\/wp\/v2\/media\/12018"}],"wp:attachment":[{"href":"https:\/\/ursus.ee\/en\/wp-json\/wp\/v2\/media?parent=12017"}],"wp:term":[{"taxonomy":"product_brand","embeddable":true,"href":"https:\/\/ursus.ee\/en\/wp-json\/wp\/v2\/product_brand?post=12017"},{"taxonomy":"product_cat","embeddable":true,"href":"https:\/\/ursus.ee\/en\/wp-json\/wp\/v2\/product_cat?post=12017"},{"taxonomy":"product_tag","embeddable":true,"href":"https:\/\/ursus.ee\/en\/wp-json\/wp\/v2\/product_tag?post=12017"}],"curies":[{"name":"wp","href":"https:\/\/api.w.org\/{rel}","templated":true}]}}