{"id":12013,"date":"2025-12-16T18:03:38","date_gmt":"2025-12-16T16:03:38","guid":{"rendered":"https:\/\/ursus.ee\/toode\/mikrokiudlapp-40x40cm-2\/"},"modified":"2026-03-27T15:38:54","modified_gmt":"2026-03-27T13:38:54","slug":"mikrokiudlapp-40x40cm-2","status":"publish","type":"product","link":"https:\/\/ursus.ee\/en\/toode\/mikrokiudlapp-40x40cm-2\/","title":{"rendered":"Mikrokiudlapp 40x40cm"},"content":{"rendered":"<p>V\u00e4ga hea imavusega mikrokiudlapp sobib pliidi- ja k\u00f6\u00f6gi t\u00f6\u00f6pindade, valamute ning vannide, klaasist- ja keraamiliste pindade ning mitmete teiste pindade puhastamiseks. \u00d5mblusteta mikrokiudlapp tagab kriimuvaba tulemuse, sobib ka \u00f5rnade pindade puhastamiseks. Sobib nii m\u00e4rg- kui kuivpuhastuseks, masinpestav.<\/p>\n","protected":false},"excerpt":{"rendered":"<p>V\u00e4ga hea imavusega mikrokiudlapp sobib pliidi- ja k\u00f6\u00f6gi t\u00f6\u00f6pindade, valamute ning vannide, klaasist- ja keraamiliste pindade ning mitmete teiste pindade puhastamiseks. \u00d5mblusteta mikrokiudlapp tagab kriimuvaba tulemuse, sobib ka \u00f5rnade pindade puhastamiseks. Sobib nii m\u00e4rg- kui kuivpuhastuseks, masinpestav.<\/p>\n","protected":false},"featured_media":12014,"comment_status":"closed","ping_status":"open","template":"","meta":{"_acf_changed":false},"product_brand":[408],"product_cat":[409,515],"product_tag":[],"class_list":{"0":"post-12013","1":"product","2":"type-product","3":"status-publish","4":"has-post-thumbnail","6":"product_brand-esta","7":"product_cat-koristustarvikud","8":"product_cat-svammid-lapid-ja-kuurimisvahendid","9":"pa_kogus-1-tk","10":"pa_koostis-silmkoelisest-mikrofiiberkangast","11":"pa_paritolumaa-eesti","12":"pa_uhik-tk","14":"first","15":"instock","16":"purchasable","17":"product-type-simple"},"acf":[],"_links":{"self":[{"href":"https:\/\/ursus.ee\/en\/wp-json\/wp\/v2\/product\/12013","targetHints":{"allow":["GET"]}}],"collection":[{"href":"https:\/\/ursus.ee\/en\/wp-json\/wp\/v2\/product"}],"about":[{"href":"https:\/\/ursus.ee\/en\/wp-json\/wp\/v2\/types\/product"}],"replies":[{"embeddable":true,"href":"https:\/\/ursus.ee\/en\/wp-json\/wp\/v2\/comments?post=12013"}],"wp:featuredmedia":[{"embeddable":true,"href":"https:\/\/ursus.ee\/en\/wp-json\/wp\/v2\/media\/12014"}],"wp:attachment":[{"href":"https:\/\/ursus.ee\/en\/wp-json\/wp\/v2\/media?parent=12013"}],"wp:term":[{"taxonomy":"product_brand","embeddable":true,"href":"https:\/\/ursus.ee\/en\/wp-json\/wp\/v2\/product_brand?post=12013"},{"taxonomy":"product_cat","embeddable":true,"href":"https:\/\/ursus.ee\/en\/wp-json\/wp\/v2\/product_cat?post=12013"},{"taxonomy":"product_tag","embeddable":true,"href":"https:\/\/ursus.ee\/en\/wp-json\/wp\/v2\/product_tag?post=12013"}],"curies":[{"name":"wp","href":"https:\/\/api.w.org\/{rel}","templated":true}]}}