{"id":12009,"date":"2025-12-16T18:03:38","date_gmt":"2025-12-16T16:03:38","guid":{"rendered":"https:\/\/ursus.ee\/toode\/kuurimissvammid-kihilised-2\/"},"modified":"2026-03-27T15:38:54","modified_gmt":"2026-03-27T13:38:54","slug":"kuurimissvammid-kihilised-2","status":"publish","type":"product","link":"https:\/\/ursus.ee\/en\/toode\/kuurimissvammid-kihilised-2\/","title":{"rendered":"K\u00fc\u00fcrimissvammid kihilised"},"content":{"rendered":"<p>T\u00f5hus ja vastupidav k\u00fc\u00fcrimissvamm igap\u00e4evaseks puhastuseks. Kvaliteetse abrasiivkihiga svamm eemaldab ka k\u00f5ige t\u00f5rksama mustuse v\u00e4hese vaevaga. Looduslikust tselluloosist kiht on suurep\u00e4rase vedeliku imavusega, sobides h\u00e4sti ka pindade kuivatamiseks. Poroloonist vahekiht pikendab svammi kasutusiga, tagab hea veeimavuse ning muudab svammi eriti vahutavaks. Ideaalne n\u00f5udepesuks ja erinevate pindade k\u00fc\u00fcrimiseks. Ei sobi \u00f5rnade pindade nagu klaas ja nakkekindlad pinnad puhastamiseks.<\/p>\n","protected":false},"excerpt":{"rendered":"<p>T\u00f5hus ja vastupidav k\u00fc\u00fcrimissvamm igap\u00e4evaseks puhastuseks. Kvaliteetse abrasiivkihiga svamm eemaldab ka k\u00f5ige t\u00f5rksama mustuse v\u00e4hese vaevaga. Looduslikust tselluloosist kiht on suurep\u00e4rase vedeliku imavusega, sobides h\u00e4sti ka pindade kuivatamiseks. Poroloonist vahekiht pikendab svammi kasutusiga, tagab hea veeimavuse ning muudab svammi eriti vahutavaks. Ideaalne n\u00f5udepesuks ja erinevate pindade k\u00fc\u00fcrimiseks. Ei sobi \u00f5rnade pindade nagu klaas ja nakkekindlad<\/p>\n","protected":false},"featured_media":12010,"comment_status":"closed","ping_status":"open","template":"","meta":{"_acf_changed":false},"product_brand":[408],"product_cat":[409,515],"product_tag":[],"class_list":{"0":"post-12009","1":"product","2":"type-product","3":"status-publish","4":"has-post-thumbnail","6":"product_brand-esta","7":"product_cat-koristustarvikud","8":"product_cat-svammid-lapid-ja-kuurimisvahendid","9":"pa_kogus-3-tk","10":"pa_paritolumaa-eesti","11":"pa_uhik-tk","13":"first","14":"instock","15":"purchasable","16":"product-type-simple"},"acf":[],"_links":{"self":[{"href":"https:\/\/ursus.ee\/en\/wp-json\/wp\/v2\/product\/12009","targetHints":{"allow":["GET"]}}],"collection":[{"href":"https:\/\/ursus.ee\/en\/wp-json\/wp\/v2\/product"}],"about":[{"href":"https:\/\/ursus.ee\/en\/wp-json\/wp\/v2\/types\/product"}],"replies":[{"embeddable":true,"href":"https:\/\/ursus.ee\/en\/wp-json\/wp\/v2\/comments?post=12009"}],"wp:featuredmedia":[{"embeddable":true,"href":"https:\/\/ursus.ee\/en\/wp-json\/wp\/v2\/media\/12010"}],"wp:attachment":[{"href":"https:\/\/ursus.ee\/en\/wp-json\/wp\/v2\/media?parent=12009"}],"wp:term":[{"taxonomy":"product_brand","embeddable":true,"href":"https:\/\/ursus.ee\/en\/wp-json\/wp\/v2\/product_brand?post=12009"},{"taxonomy":"product_cat","embeddable":true,"href":"https:\/\/ursus.ee\/en\/wp-json\/wp\/v2\/product_cat?post=12009"},{"taxonomy":"product_tag","embeddable":true,"href":"https:\/\/ursus.ee\/en\/wp-json\/wp\/v2\/product_tag?post=12009"}],"curies":[{"name":"wp","href":"https:\/\/api.w.org\/{rel}","templated":true}]}}