{"id":11999,"date":"2025-12-16T18:03:38","date_gmt":"2025-12-16T16:03:38","guid":{"rendered":"https:\/\/ursus.ee\/toode\/kuurimissvamm-soonega-xl-nordic-black-edition-2\/"},"modified":"2026-03-27T15:38:53","modified_gmt":"2026-03-27T13:38:53","slug":"kuurimissvamm-soonega-xl-nordic-black-edition-2","status":"publish","type":"product","link":"https:\/\/ursus.ee\/en\/toode\/kuurimissvamm-soonega-xl-nordic-black-edition-2\/","title":{"rendered":"K\u00fc\u00fcrimissvamm soonega XL Nordic Black Edition"},"content":{"rendered":"<p>Suur k\u00fc\u00fcrimissvamm soonega, mis tagab mugava haarde ja kaitseb k\u00fc\u00fcsi. Svamm on m\u00f5eldud tugevaks k\u00fc\u00fcrimiseks ja ei sobi \u00f5rnade pindade nagu klaas ja teflon puhastamiseks. Svamm on valmistatud vastupidavast poroloonist ja on minimalistliku v\u00e4limusega. Sobib p\u00f5hjamaise kujundusega k\u00f6\u00f6ki ning vannituppa.<\/p>\n","protected":false},"excerpt":{"rendered":"<p>Suur k\u00fc\u00fcrimissvamm soonega, mis tagab mugava haarde ja kaitseb k\u00fc\u00fcsi. Svamm on m\u00f5eldud tugevaks k\u00fc\u00fcrimiseks ja ei sobi \u00f5rnade pindade nagu klaas ja teflon puhastamiseks. Svamm on valmistatud vastupidavast poroloonist ja on minimalistliku v\u00e4limusega. Sobib p\u00f5hjamaise kujundusega k\u00f6\u00f6ki ning vannituppa.<\/p>\n","protected":false},"featured_media":12000,"comment_status":"closed","ping_status":"open","template":"","meta":{"_acf_changed":false},"product_brand":[408],"product_cat":[409,515],"product_tag":[],"class_list":{"0":"post-11999","1":"product","2":"type-product","3":"status-publish","4":"has-post-thumbnail","6":"product_brand-esta","7":"product_cat-koristustarvikud","8":"product_cat-svammid-lapid-ja-kuurimisvahendid","9":"pa_kogus-1-tk","10":"pa_koostis-poroloon","11":"pa_paritolumaa-eesti","12":"pa_uhik-tk","14":"first","15":"instock","16":"purchasable","17":"product-type-simple"},"acf":[],"_links":{"self":[{"href":"https:\/\/ursus.ee\/en\/wp-json\/wp\/v2\/product\/11999","targetHints":{"allow":["GET"]}}],"collection":[{"href":"https:\/\/ursus.ee\/en\/wp-json\/wp\/v2\/product"}],"about":[{"href":"https:\/\/ursus.ee\/en\/wp-json\/wp\/v2\/types\/product"}],"replies":[{"embeddable":true,"href":"https:\/\/ursus.ee\/en\/wp-json\/wp\/v2\/comments?post=11999"}],"wp:featuredmedia":[{"embeddable":true,"href":"https:\/\/ursus.ee\/en\/wp-json\/wp\/v2\/media\/12000"}],"wp:attachment":[{"href":"https:\/\/ursus.ee\/en\/wp-json\/wp\/v2\/media?parent=11999"}],"wp:term":[{"taxonomy":"product_brand","embeddable":true,"href":"https:\/\/ursus.ee\/en\/wp-json\/wp\/v2\/product_brand?post=11999"},{"taxonomy":"product_cat","embeddable":true,"href":"https:\/\/ursus.ee\/en\/wp-json\/wp\/v2\/product_cat?post=11999"},{"taxonomy":"product_tag","embeddable":true,"href":"https:\/\/ursus.ee\/en\/wp-json\/wp\/v2\/product_tag?post=11999"}],"curies":[{"name":"wp","href":"https:\/\/api.w.org\/{rel}","templated":true}]}}