{"id":11997,"date":"2025-12-16T18:03:38","date_gmt":"2025-12-16T16:03:38","guid":{"rendered":"https:\/\/ursus.ee\/toode\/kuurimissvammid-nordic-black-edition-3\/"},"modified":"2026-03-27T15:38:53","modified_gmt":"2026-03-27T13:38:53","slug":"kuurimissvammid-nordic-black-edition-3","status":"publish","type":"product","link":"https:\/\/ursus.ee\/en\/toode\/kuurimissvammid-nordic-black-edition-3\/","title":{"rendered":"K\u00fc\u00fcrimissvammid Nordic Black Edition"},"content":{"rendered":"<p>K\u00fc\u00fcrimissvammid on valmistatud tihedast, vastupidavast poroloonist. Poroloon on toodetud kasutades 100% rohelist energiat. Svammid puhastavad efektiivselt ka tugeva mustuse. Ei sobi \u00f5rnade pindade nagu klaas ja teflon puhastamiseks. Svammid on stiilse, minimalistliku v\u00e4limusega ning sobivad p\u00f5hjamaise kujundusega k\u00f6\u00f6ki.<\/p>\n","protected":false},"excerpt":{"rendered":"<p>K\u00fc\u00fcrimissvammid on valmistatud tihedast, vastupidavast poroloonist. Poroloon on toodetud kasutades 100% rohelist energiat. Svammid puhastavad efektiivselt ka tugeva mustuse. Ei sobi \u00f5rnade pindade nagu klaas ja teflon puhastamiseks. Svammid on stiilse, minimalistliku v\u00e4limusega ning sobivad p\u00f5hjamaise kujundusega k\u00f6\u00f6ki.<\/p>\n","protected":false},"featured_media":11998,"comment_status":"closed","ping_status":"open","template":"","meta":{"_acf_changed":false},"product_brand":[408],"product_cat":[409,515],"product_tag":[],"class_list":{"0":"post-11997","1":"product","2":"type-product","3":"status-publish","4":"has-post-thumbnail","6":"product_brand-esta","7":"product_cat-koristustarvikud","8":"product_cat-svammid-lapid-ja-kuurimisvahendid","9":"pa_kogus-3-tk","10":"pa_koostis-poroloon","11":"pa_paritolumaa-eesti","12":"pa_uhik-tk","14":"first","15":"instock","16":"purchasable","17":"product-type-simple"},"acf":[],"_links":{"self":[{"href":"https:\/\/ursus.ee\/en\/wp-json\/wp\/v2\/product\/11997","targetHints":{"allow":["GET"]}}],"collection":[{"href":"https:\/\/ursus.ee\/en\/wp-json\/wp\/v2\/product"}],"about":[{"href":"https:\/\/ursus.ee\/en\/wp-json\/wp\/v2\/types\/product"}],"replies":[{"embeddable":true,"href":"https:\/\/ursus.ee\/en\/wp-json\/wp\/v2\/comments?post=11997"}],"wp:featuredmedia":[{"embeddable":true,"href":"https:\/\/ursus.ee\/en\/wp-json\/wp\/v2\/media\/11998"}],"wp:attachment":[{"href":"https:\/\/ursus.ee\/en\/wp-json\/wp\/v2\/media?parent=11997"}],"wp:term":[{"taxonomy":"product_brand","embeddable":true,"href":"https:\/\/ursus.ee\/en\/wp-json\/wp\/v2\/product_brand?post=11997"},{"taxonomy":"product_cat","embeddable":true,"href":"https:\/\/ursus.ee\/en\/wp-json\/wp\/v2\/product_cat?post=11997"},{"taxonomy":"product_tag","embeddable":true,"href":"https:\/\/ursus.ee\/en\/wp-json\/wp\/v2\/product_tag?post=11997"}],"curies":[{"name":"wp","href":"https:\/\/api.w.org\/{rel}","templated":true}]}}