{"id":11995,"date":"2025-12-16T18:03:38","date_gmt":"2025-12-16T16:03:38","guid":{"rendered":"https:\/\/ursus.ee\/toode\/noudepesusvamm-dual-power-nordic-vaike-2\/"},"modified":"2026-03-27T15:38:53","modified_gmt":"2026-03-27T13:38:53","slug":"noudepesusvamm-dual-power-nordic-vaike-2","status":"publish","type":"product","link":"https:\/\/ursus.ee\/en\/toode\/noudepesusvamm-dual-power-nordic-vaike-2\/","title":{"rendered":"N\u00f5udepesusvamm Dual Power Nordic v\u00e4ike"},"content":{"rendered":"<p>\u00dches pakendis on svammid nii \u00f5rnade kui ka tugevamat k\u00fc\u00fcrimist vajavate pindade jaoks. N\u00f5udepesusvammid on p\u00f5hjamaadele omases rahulikes must-valgetes toonides ning sobivad suurep\u00e4raselt modernsesse k\u00f6\u00f6ki ja interj\u00f6\u00f6ri.<\/p>\n","protected":false},"excerpt":{"rendered":"<p>\u00dches pakendis on svammid nii \u00f5rnade kui ka tugevamat k\u00fc\u00fcrimist vajavate pindade jaoks. N\u00f5udepesusvammid on p\u00f5hjamaadele omases rahulikes must-valgetes toonides ning sobivad suurep\u00e4raselt modernsesse k\u00f6\u00f6ki ja interj\u00f6\u00f6ri.<\/p>\n","protected":false},"featured_media":11996,"comment_status":"closed","ping_status":"open","template":"","meta":{"_acf_changed":false},"product_brand":[408],"product_cat":[409,515],"product_tag":[],"class_list":{"0":"post-11995","1":"product","2":"type-product","3":"status-publish","4":"has-post-thumbnail","6":"product_brand-esta","7":"product_cat-koristustarvikud","8":"product_cat-svammid-lapid-ja-kuurimisvahendid","9":"pa_kogus-5-tk","10":"pa_paritolumaa-eesti","11":"pa_uhik-tk","13":"first","14":"instock","15":"purchasable","16":"product-type-simple"},"acf":[],"_links":{"self":[{"href":"https:\/\/ursus.ee\/en\/wp-json\/wp\/v2\/product\/11995","targetHints":{"allow":["GET"]}}],"collection":[{"href":"https:\/\/ursus.ee\/en\/wp-json\/wp\/v2\/product"}],"about":[{"href":"https:\/\/ursus.ee\/en\/wp-json\/wp\/v2\/types\/product"}],"replies":[{"embeddable":true,"href":"https:\/\/ursus.ee\/en\/wp-json\/wp\/v2\/comments?post=11995"}],"wp:featuredmedia":[{"embeddable":true,"href":"https:\/\/ursus.ee\/en\/wp-json\/wp\/v2\/media\/11996"}],"wp:attachment":[{"href":"https:\/\/ursus.ee\/en\/wp-json\/wp\/v2\/media?parent=11995"}],"wp:term":[{"taxonomy":"product_brand","embeddable":true,"href":"https:\/\/ursus.ee\/en\/wp-json\/wp\/v2\/product_brand?post=11995"},{"taxonomy":"product_cat","embeddable":true,"href":"https:\/\/ursus.ee\/en\/wp-json\/wp\/v2\/product_cat?post=11995"},{"taxonomy":"product_tag","embeddable":true,"href":"https:\/\/ursus.ee\/en\/wp-json\/wp\/v2\/product_tag?post=11995"}],"curies":[{"name":"wp","href":"https:\/\/api.w.org\/{rel}","templated":true}]}}