{"id":11992,"date":"2025-12-16T18:03:38","date_gmt":"2025-12-16T16:03:38","guid":{"rendered":"https:\/\/ursus.ee\/toode\/kulmutuskapimatt-47x30cm-2\/"},"modified":"2026-03-27T16:14:38","modified_gmt":"2026-03-27T14:14:38","slug":"kulmutuskapimatt-47x30cm-2","status":"publish","type":"product","link":"https:\/\/ursus.ee\/en\/toode\/kulmutuskapimatt-47x30cm-2\/","title":{"rendered":"K\u00fclmutuskapimatt 47x30cm"},"content":{"rendered":"<p>K\u00fclmutuskapimatt puu- ja juurviljade hoiustamiseks. Mati struktuur tagab \u00f5hu ringluse toidu all, t\u00e4nu millele p\u00fcsivad puu- ja juurviljad pikemalt v\u00e4rsked. Sobib kasutamiseks k\u00fclmutuskapi riiulitel ja sahtlites. Matti v\u00f5ib k\u00e4\u00e4ridega sobivasse suurusesse l\u00f5igata. Soovitame regulaarselt pesta jooksva vee all. Enne kasutamist lasta t\u00e4ielikult kuivada. Ei sobi kasutamiseks s\u00fcgavk\u00fclmas.<\/p>\n","protected":false},"excerpt":{"rendered":"<p>K\u00fclmutuskapimatt puu- ja juurviljade hoiustamiseks. Mati struktuur tagab \u00f5hu ringluse toidu all, t\u00e4nu millele p\u00fcsivad puu- ja juurviljad pikemalt v\u00e4rsked. Sobib kasutamiseks k\u00fclmutuskapi riiulitel ja sahtlites. Matti v\u00f5ib k\u00e4\u00e4ridega sobivasse suurusesse l\u00f5igata. Soovitame regulaarselt pesta jooksva vee all. Enne kasutamist lasta t\u00e4ielikult kuivada. Ei sobi kasutamiseks s\u00fcgavk\u00fclmas.<\/p>\n","protected":false},"featured_media":11993,"comment_status":"closed","ping_status":"open","template":"","meta":{"_acf_changed":false},"product_brand":[408],"product_cat":[405,490],"product_tag":[],"class_list":{"0":"post-11992","1":"product","2":"type-product","3":"status-publish","4":"has-post-thumbnail","6":"product_brand-esta","7":"product_cat-koogitarbed","8":"product_cat-koogitarvikud","9":"pa_kogus-1-tk","10":"pa_paritolumaa-eesti","11":"pa_uhik-tk","13":"first","14":"instock","15":"purchasable","16":"product-type-simple"},"acf":[],"_links":{"self":[{"href":"https:\/\/ursus.ee\/en\/wp-json\/wp\/v2\/product\/11992","targetHints":{"allow":["GET"]}}],"collection":[{"href":"https:\/\/ursus.ee\/en\/wp-json\/wp\/v2\/product"}],"about":[{"href":"https:\/\/ursus.ee\/en\/wp-json\/wp\/v2\/types\/product"}],"replies":[{"embeddable":true,"href":"https:\/\/ursus.ee\/en\/wp-json\/wp\/v2\/comments?post=11992"}],"wp:featuredmedia":[{"embeddable":true,"href":"https:\/\/ursus.ee\/en\/wp-json\/wp\/v2\/media\/11993"}],"wp:attachment":[{"href":"https:\/\/ursus.ee\/en\/wp-json\/wp\/v2\/media?parent=11992"}],"wp:term":[{"taxonomy":"product_brand","embeddable":true,"href":"https:\/\/ursus.ee\/en\/wp-json\/wp\/v2\/product_brand?post=11992"},{"taxonomy":"product_cat","embeddable":true,"href":"https:\/\/ursus.ee\/en\/wp-json\/wp\/v2\/product_cat?post=11992"},{"taxonomy":"product_tag","embeddable":true,"href":"https:\/\/ursus.ee\/en\/wp-json\/wp\/v2\/product_tag?post=11992"}],"curies":[{"name":"wp","href":"https:\/\/api.w.org\/{rel}","templated":true}]}}