{"id":11988,"date":"2025-12-16T18:03:38","date_gmt":"2025-12-16T16:03:38","guid":{"rendered":"https:\/\/ursus.ee\/toode\/noudepesusvamm-ounalohnaline-2\/"},"modified":"2026-03-27T15:38:53","modified_gmt":"2026-03-27T13:38:53","slug":"noudepesusvamm-ounalohnaline-2","status":"publish","type":"product","link":"https:\/\/ursus.ee\/en\/toode\/noudepesusvamm-ounalohnaline-2\/","title":{"rendered":"N\u00f5udepesusvamm \u00f5unal\u00f5hnaline"},"content":{"rendered":"<p>V\u00e4rske ja meeldiva \u00f5una l\u00f5hnaga n\u00f5udepesusvammid on suure poorsusega ja h\u00e4sti vahutavad. Sobivad n\u00f5ude ja k\u00f6\u00f6gi pindade pesemiseks. Mitte kasutada tefloni ja \u00f5rnade pindade puhastamiseks.<\/p>\n","protected":false},"excerpt":{"rendered":"<p>V\u00e4rske ja meeldiva \u00f5una l\u00f5hnaga n\u00f5udepesusvammid on suure poorsusega ja h\u00e4sti vahutavad. Sobivad n\u00f5ude ja k\u00f6\u00f6gi pindade pesemiseks. Mitte kasutada tefloni ja \u00f5rnade pindade puhastamiseks.<\/p>\n","protected":false},"featured_media":11989,"comment_status":"closed","ping_status":"open","template":"","meta":{"_acf_changed":false},"product_brand":[408],"product_cat":[409,515],"product_tag":[],"class_list":{"0":"post-11988","1":"product","2":"type-product","3":"status-publish","4":"has-post-thumbnail","6":"product_brand-esta","7":"product_cat-koristustarvikud","8":"product_cat-svammid-lapid-ja-kuurimisvahendid","9":"pa_kogus-5-tk","10":"pa_paritolumaa-eesti","11":"pa_uhik-tk","13":"first","14":"instock","15":"purchasable","16":"product-type-simple"},"acf":[],"_links":{"self":[{"href":"https:\/\/ursus.ee\/en\/wp-json\/wp\/v2\/product\/11988","targetHints":{"allow":["GET"]}}],"collection":[{"href":"https:\/\/ursus.ee\/en\/wp-json\/wp\/v2\/product"}],"about":[{"href":"https:\/\/ursus.ee\/en\/wp-json\/wp\/v2\/types\/product"}],"replies":[{"embeddable":true,"href":"https:\/\/ursus.ee\/en\/wp-json\/wp\/v2\/comments?post=11988"}],"wp:featuredmedia":[{"embeddable":true,"href":"https:\/\/ursus.ee\/en\/wp-json\/wp\/v2\/media\/11989"}],"wp:attachment":[{"href":"https:\/\/ursus.ee\/en\/wp-json\/wp\/v2\/media?parent=11988"}],"wp:term":[{"taxonomy":"product_brand","embeddable":true,"href":"https:\/\/ursus.ee\/en\/wp-json\/wp\/v2\/product_brand?post=11988"},{"taxonomy":"product_cat","embeddable":true,"href":"https:\/\/ursus.ee\/en\/wp-json\/wp\/v2\/product_cat?post=11988"},{"taxonomy":"product_tag","embeddable":true,"href":"https:\/\/ursus.ee\/en\/wp-json\/wp\/v2\/product_tag?post=11988"}],"curies":[{"name":"wp","href":"https:\/\/api.w.org\/{rel}","templated":true}]}}