{"id":11984,"date":"2025-12-16T18:03:38","date_gmt":"2025-12-16T16:03:38","guid":{"rendered":"https:\/\/ursus.ee\/toode\/kustutussvamm-2\/"},"modified":"2026-03-27T15:38:53","modified_gmt":"2026-03-27T13:38:53","slug":"kustutussvamm-2","status":"publish","type":"product","link":"https:\/\/ursus.ee\/en\/toode\/kustutussvamm-2\/","title":{"rendered":"Kustutussvamm"},"content":{"rendered":"<p>Kustutussvamm erinevatelt pindadelt plekkide puhastamiseks &#8211; seintelt, p\u00f5randalt, m\u00f6\u00f6blilt, jalatsitelt, plastikult, klaasilt, kivilt jne. Puhastab edukalt ka pliiatsite, pastapliiatsite plekke. Puhastamiseks h\u00f5\u00f5ruge niisutatud k\u00e4snaga pinda seni kuni mustus eemaldub. Svamm on valmistatud k\u00f5rge kvaliteediga melamiinist. Proovige k\u00e4sna enne kasutamist v\u00e4hem\u00e4rgatavalt alalt, et v\u00e4ltida v\u00e4rvierinevusi.<\/p>\n","protected":false},"excerpt":{"rendered":"<p>Kustutussvamm erinevatelt pindadelt plekkide puhastamiseks &#8211; seintelt, p\u00f5randalt, m\u00f6\u00f6blilt, jalatsitelt, plastikult, klaasilt, kivilt jne. Puhastab edukalt ka pliiatsite, pastapliiatsite plekke. Puhastamiseks h\u00f5\u00f5ruge niisutatud k\u00e4snaga pinda seni kuni mustus eemaldub. Svamm on valmistatud k\u00f5rge kvaliteediga melamiinist. Proovige k\u00e4sna enne kasutamist v\u00e4hem\u00e4rgatavalt alalt, et v\u00e4ltida v\u00e4rvierinevusi.<\/p>\n","protected":false},"featured_media":11985,"comment_status":"closed","ping_status":"open","template":"","meta":{"_acf_changed":false},"product_brand":[408],"product_cat":[409,515],"product_tag":[],"class_list":{"0":"post-11984","1":"product","2":"type-product","3":"status-publish","4":"has-post-thumbnail","6":"product_brand-esta","7":"product_cat-koristustarvikud","8":"product_cat-svammid-lapid-ja-kuurimisvahendid","9":"pa_kogus-2-tk","10":"pa_paritolumaa-eesti","11":"pa_uhik-tk","13":"first","14":"instock","15":"purchasable","16":"product-type-simple"},"acf":[],"_links":{"self":[{"href":"https:\/\/ursus.ee\/en\/wp-json\/wp\/v2\/product\/11984","targetHints":{"allow":["GET"]}}],"collection":[{"href":"https:\/\/ursus.ee\/en\/wp-json\/wp\/v2\/product"}],"about":[{"href":"https:\/\/ursus.ee\/en\/wp-json\/wp\/v2\/types\/product"}],"replies":[{"embeddable":true,"href":"https:\/\/ursus.ee\/en\/wp-json\/wp\/v2\/comments?post=11984"}],"wp:featuredmedia":[{"embeddable":true,"href":"https:\/\/ursus.ee\/en\/wp-json\/wp\/v2\/media\/11985"}],"wp:attachment":[{"href":"https:\/\/ursus.ee\/en\/wp-json\/wp\/v2\/media?parent=11984"}],"wp:term":[{"taxonomy":"product_brand","embeddable":true,"href":"https:\/\/ursus.ee\/en\/wp-json\/wp\/v2\/product_brand?post=11984"},{"taxonomy":"product_cat","embeddable":true,"href":"https:\/\/ursus.ee\/en\/wp-json\/wp\/v2\/product_cat?post=11984"},{"taxonomy":"product_tag","embeddable":true,"href":"https:\/\/ursus.ee\/en\/wp-json\/wp\/v2\/product_tag?post=11984"}],"curies":[{"name":"wp","href":"https:\/\/api.w.org\/{rel}","templated":true}]}}