{"id":11972,"date":"2025-12-16T18:02:10","date_gmt":"2025-12-16T16:02:10","guid":{"rendered":"https:\/\/ursus.ee\/toode\/keraamilise-kattega-praepann-28cm-2\/"},"modified":"2026-03-27T16:13:48","modified_gmt":"2026-03-27T14:13:48","slug":"keraamilise-kattega-praepann-28cm-2","status":"publish","type":"product","link":"https:\/\/ursus.ee\/en\/toode\/keraamilise-kattega-praepann-28cm-2\/","title":{"rendered":"Keraamilise kattega praepann 28cm"},"content":{"rendered":"<p>Roostevabast terasest k\u00e4epidemega alumiiniumist pann. Kvaliteetse keraamilise kattega. Sobib kasutamiseks k\u00f5ikidel pliidi t\u00fc\u00fcpidel, sealhulgas induktsioonpliitidel. PFAS vaba.<\/p>\n","protected":false},"excerpt":{"rendered":"<p>Roostevabast terasest k\u00e4epidemega alumiiniumist pann. Kvaliteetse keraamilise kattega. Sobib kasutamiseks k\u00f5ikidel pliidi t\u00fc\u00fcpidel, sealhulgas induktsioonpliitidel. PFAS vaba.<\/p>\n","protected":false},"featured_media":11973,"comment_status":"closed","ping_status":"open","template":"","meta":{"_acf_changed":false},"product_brand":[404],"product_cat":[405,513],"product_tag":[],"class_list":{"0":"post-11972","1":"product","2":"type-product","3":"status-publish","4":"has-post-thumbnail","6":"product_brand-for-home","7":"product_cat-koogitarbed","8":"product_cat-potid-ja-pannid","9":"pa_kogus-1-tk","10":"pa_paritolumaa-hiina","11":"pa_uhik-tk","13":"first","14":"instock","15":"purchasable","16":"product-type-simple"},"acf":[],"_links":{"self":[{"href":"https:\/\/ursus.ee\/en\/wp-json\/wp\/v2\/product\/11972","targetHints":{"allow":["GET"]}}],"collection":[{"href":"https:\/\/ursus.ee\/en\/wp-json\/wp\/v2\/product"}],"about":[{"href":"https:\/\/ursus.ee\/en\/wp-json\/wp\/v2\/types\/product"}],"replies":[{"embeddable":true,"href":"https:\/\/ursus.ee\/en\/wp-json\/wp\/v2\/comments?post=11972"}],"wp:featuredmedia":[{"embeddable":true,"href":"https:\/\/ursus.ee\/en\/wp-json\/wp\/v2\/media\/11973"}],"wp:attachment":[{"href":"https:\/\/ursus.ee\/en\/wp-json\/wp\/v2\/media?parent=11972"}],"wp:term":[{"taxonomy":"product_brand","embeddable":true,"href":"https:\/\/ursus.ee\/en\/wp-json\/wp\/v2\/product_brand?post=11972"},{"taxonomy":"product_cat","embeddable":true,"href":"https:\/\/ursus.ee\/en\/wp-json\/wp\/v2\/product_cat?post=11972"},{"taxonomy":"product_tag","embeddable":true,"href":"https:\/\/ursus.ee\/en\/wp-json\/wp\/v2\/product_tag?post=11972"}],"curies":[{"name":"wp","href":"https:\/\/api.w.org\/{rel}","templated":true}]}}