{"id":11965,"date":"2025-12-16T18:02:10","date_gmt":"2025-12-16T16:02:10","guid":{"rendered":"https:\/\/ursus.ee\/toode\/wc-seep-power-fresh-ocean-2\/"},"modified":"2026-03-27T15:36:09","modified_gmt":"2026-03-27T13:36:09","slug":"wc-seep-power-fresh-ocean-2","status":"publish","type":"product","link":"https:\/\/ursus.ee\/en\/toode\/wc-seep-power-fresh-ocean-2\/","title":{"rendered":"WC-seep Power Fresh Ocean"},"content":{"rendered":"<p>WC-seep v\u00e4rskendab, h\u00e4vitab bakterid, hoiab \u00e4ra katlakivi tekkimise, neutraliseerib ebameeldiva l\u00f5hna<\/p>\n","protected":false},"excerpt":{"rendered":"<p>WC-seep v\u00e4rskendab, h\u00e4vitab bakterid, hoiab \u00e4ra katlakivi tekkimise, neutraliseerib ebameeldiva l\u00f5hna<\/p>\n","protected":false},"featured_media":13932,"comment_status":"closed","ping_status":"closed","template":"","meta":{"_acf_changed":false},"product_brand":[359],"product_cat":[116,397],"product_tag":[],"class_list":{"0":"post-11965","1":"product","2":"type-product","3":"status-publish","4":"has-post-thumbnail","6":"product_brand-brait","7":"product_cat-puhastusvahendid","8":"product_cat-tualetipuhastusvahendid","9":"pa_kogus-39-g","10":"pa_koostis-30-anionische-tenside--15-30-zeolithe-phenoxyethanol-duftstoffe-citral-linalool","11":"pa_paritolumaa-poola","12":"pa_uhik-g","14":"first","15":"instock","16":"purchasable","17":"product-type-simple"},"acf":[],"_links":{"self":[{"href":"https:\/\/ursus.ee\/en\/wp-json\/wp\/v2\/product\/11965","targetHints":{"allow":["GET"]}}],"collection":[{"href":"https:\/\/ursus.ee\/en\/wp-json\/wp\/v2\/product"}],"about":[{"href":"https:\/\/ursus.ee\/en\/wp-json\/wp\/v2\/types\/product"}],"replies":[{"embeddable":true,"href":"https:\/\/ursus.ee\/en\/wp-json\/wp\/v2\/comments?post=11965"}],"wp:featuredmedia":[{"embeddable":true,"href":"https:\/\/ursus.ee\/en\/wp-json\/wp\/v2\/media\/13932"}],"wp:attachment":[{"href":"https:\/\/ursus.ee\/en\/wp-json\/wp\/v2\/media?parent=11965"}],"wp:term":[{"taxonomy":"product_brand","embeddable":true,"href":"https:\/\/ursus.ee\/en\/wp-json\/wp\/v2\/product_brand?post=11965"},{"taxonomy":"product_cat","embeddable":true,"href":"https:\/\/ursus.ee\/en\/wp-json\/wp\/v2\/product_cat?post=11965"},{"taxonomy":"product_tag","embeddable":true,"href":"https:\/\/ursus.ee\/en\/wp-json\/wp\/v2\/product_tag?post=11965"}],"curies":[{"name":"wp","href":"https:\/\/api.w.org\/{rel}","templated":true}]}}